{"id":229,"date":"2023-11-14T09:27:36","date_gmt":"2023-11-14T09:27:36","guid":{"rendered":"http:\/\/localhost\/pphr\/?page_id=229"},"modified":"2024-11-07T11:39:10","modified_gmt":"2024-11-07T11:39:10","slug":"socrel-icsr","status":"publish","type":"page","link":"https:\/\/pphr.org\/pb\/socrel-icsr\/","title":{"rendered":"SocRel &amp; ICSR"},"content":{"rendered":"\t\t<div data-elementor-type=\"wp-page\" data-elementor-id=\"229\" class=\"elementor elementor-229\" data-elementor-post-type=\"page\">\n\t\t\t\t<div class=\"elementor-element elementor-element-5510f0e e-con-full elementor-hidden-tablet elementor-hidden-mobile e-flex e-con e-parent\" data-id=\"5510f0e\" data-element_type=\"container\" data-settings=\"{&quot;background_background&quot;:&quot;classic&quot;}\" data-core-v316-plus=\"true\">\n\t\t<div class=\"elementor-element elementor-element-c6ec588 e-con-full e-flex e-con e-child\" data-id=\"c6ec588\" data-element_type=\"container\">\n\t\t\t\t<div class=\"elementor-element elementor-element-d05c768 elementor-widget elementor-widget-theme-site-logo elementor-widget-image\" data-id=\"d05c768\" data-element_type=\"widget\" data-widget_type=\"theme-site-logo.default\">\n\t\t\t\t<div class=\"elementor-widget-container\">\n\t\t\t<style>\/*! elementor - v3.20.0 - 26-03-2024 *\/\n.elementor-widget-image{text-align:center}.elementor-widget-image a{display:inline-block}.elementor-widget-image a img[src$=\".svg\"]{width:48px}.elementor-widget-image img{vertical-align:middle;display:inline-block}<\/style>\t\t\t\t\t<div class=\"elementor-image\">\n\t\t\t\t\t\t\t\t<a href=\"https:\/\/pphr.org\/pb\">\n\t\t\t<img fetchpriority=\"high\" decoding=\"async\" width=\"229\" height=\"221\" src=\"https:\/\/pphr.org\/wp-content\/uploads\/2023\/11\/logo-1.png\" class=\"attachment-full size-full wp-image-551\" alt=\"\" style=\"width:100%;height:96.51%;max-width:229px\" \/>\t\t\t\t<\/a>\n\t\t\t\t\t\t\t\t\t\t<\/div>\n\t\t\t\t\t\t<\/div>\n\t\t\t\t<\/div>\n\t\t\t\t<\/div>\n\t\t\t\t<\/div>\n\t\t<div class=\"elementor-element elementor-element-ed77e04 e-con-full elementor-hidden-desktop e-flex e-con e-parent\" data-id=\"ed77e04\" data-element_type=\"container\" data-settings=\"{&quot;background_background&quot;:&quot;classic&quot;}\" data-core-v316-plus=\"true\">\n\t\t\t\t<\/div>\n\t\t<div class=\"elementor-element elementor-element-55db7e7 e-flex e-con-boxed e-con e-parent\" data-id=\"55db7e7\" data-element_type=\"container\" data-settings=\"{&quot;background_background&quot;:&quot;classic&quot;}\" data-core-v316-plus=\"true\">\n\t\t\t\t\t<div class=\"e-con-inner\">\n\t\t\t\t<div class=\"elementor-element elementor-element-4b94270 elementor-widget elementor-widget-heading\" data-id=\"4b94270\" data-element_type=\"widget\" data-widget_type=\"heading.default\">\n\t\t\t\t<div class=\"elementor-widget-container\">\n\t\t\t<style>\/*! elementor - v3.20.0 - 26-03-2024 *\/\n.elementor-heading-title{padding:0;margin:0;line-height:1}.elementor-widget-heading .elementor-heading-title[class*=elementor-size-]>a{color:inherit;font-size:inherit;line-height:inherit}.elementor-widget-heading .elementor-heading-title.elementor-size-small{font-size:15px}.elementor-widget-heading .elementor-heading-title.elementor-size-medium{font-size:19px}.elementor-widget-heading .elementor-heading-title.elementor-size-large{font-size:29px}.elementor-widget-heading .elementor-heading-title.elementor-size-xl{font-size:39px}.elementor-widget-heading .elementor-heading-title.elementor-size-xxl{font-size:59px}<\/style><h2 class=\"elementor-heading-title elementor-size-default\">Revista de Estudos Cr\u00edticos <span style=\"color: #f0ad00\">da Sociedade e Religi\u00e3o e Confer\u00eancia<\/span> Internacional de Estudos Cr\u00edticos da Sociedade e Religi\u00e3o<\/h2>\t\t<\/div>\n\t\t\t\t<\/div>\n\t\t\t\t\t<\/div>\n\t\t\t\t<\/div>\n\t\t<div class=\"elementor-element elementor-element-94e1015 elementor-hidden-tablet e-flex e-con-boxed e-con e-parent\" data-id=\"94e1015\" data-element_type=\"container\" data-settings=\"{&quot;background_background&quot;:&quot;classic&quot;}\" data-core-v316-plus=\"true\">\n\t\t\t\t\t<div class=\"e-con-inner\">\n\t\t<div class=\"elementor-element elementor-element-19fc004 e-flex e-con-boxed e-con e-child\" data-id=\"19fc004\" data-element_type=\"container\">\n\t\t\t\t\t<div class=\"e-con-inner\">\n\t\t\t\t<div class=\"elementor-element elementor-element-2587cb5 elementor-widget elementor-widget-heading\" data-id=\"2587cb5\" data-element_type=\"widget\" data-widget_type=\"heading.default\">\n\t\t\t\t<div class=\"elementor-widget-container\">\n\t\t\t<h2 class=\"elementor-heading-title elementor-size-default\">Revista de Estudos Cr\u00edticos da Sociedade e Religi\u00e3o (SocRel)<\/h2>\t\t<\/div>\n\t\t\t\t<\/div>\n\t\t\t\t<div class=\"elementor-element elementor-element-d77f85d elementor-widget elementor-widget-text-editor\" data-id=\"d77f85d\" data-element_type=\"widget\" data-widget_type=\"text-editor.default\">\n\t\t\t\t<div class=\"elementor-widget-container\">\n\t\t\t<style>\/*! elementor - v3.20.0 - 26-03-2024 *\/\n.elementor-widget-text-editor.elementor-drop-cap-view-stacked .elementor-drop-cap{background-color:#69727d;color:#fff}.elementor-widget-text-editor.elementor-drop-cap-view-framed .elementor-drop-cap{color:#69727d;border:3px solid;background-color:transparent}.elementor-widget-text-editor:not(.elementor-drop-cap-view-default) .elementor-drop-cap{margin-top:8px}.elementor-widget-text-editor:not(.elementor-drop-cap-view-default) .elementor-drop-cap-letter{width:1em;height:1em}.elementor-widget-text-editor .elementor-drop-cap{float:left;text-align:center;line-height:1;font-size:50px}.elementor-widget-text-editor .elementor-drop-cap-letter{display:inline-block}<\/style>\t\t\t\t<p><\/p><ul style=\"padding-left: 18px;\"><li><strong>Objetivos da Revista de Estudos Cr\u00edticos da Sociedade e Religi\u00e3o<\/strong><br \/><ul style=\"padding-left: 18px; list-style-type: disc!important;\"><li>Criar um espa\u00e7o editorial acad\u00eamico na Am\u00e9rica Latina referente aos estudos da sociedade e a religi\u00e3o, com o prop\u00f3sito de difundir investiga\u00e7\u00f5es recentes e em andamento, e fortalecer redes acad\u00eamicas<\/li><li>Construir uma plataforma de reflex\u00e3o e discuss\u00e3o cr\u00edtica, hol\u00edstica e transdisciplinar acerca dos estudos da sociedade e religi\u00e3o<\/li><li>Disseminar estudos cr\u00edticos, transcendentes e transdisciplinares e facilitar um di\u00e1logo aberto e construtivo entre acad\u00eamicos, investigadores, educadores e estudantes de p\u00f3s-gradua\u00e7\u00e3o sobre as inter-rela\u00e7\u00f5es entre a ci\u00eancia, a cultura, a sociedade, a economia, a pol\u00edtica, o estado e a religi\u00e3o<\/li><li>Promover a reflex\u00e3o sobre as identidades e as categorias da religi\u00e3o, a religiosidade e a cultura constru\u00eddas nas sociedades latino-americanas, de uma perspectiva transdisciplinar e n\u00e3o confessional<\/li><\/ul><\/li><\/ul><p><\/p>\t\t\t\t\t\t<\/div>\n\t\t\t\t<\/div>\n\t\t\t\t\t<\/div>\n\t\t\t\t<\/div>\n\t\t<div class=\"elementor-element elementor-element-8d08e8f e-flex e-con-boxed e-con e-child\" data-id=\"8d08e8f\" data-element_type=\"container\">\n\t\t\t\t\t<div class=\"e-con-inner\">\n\t\t\t\t<div class=\"elementor-element elementor-element-0daa1ea elementor-widget elementor-widget-image\" data-id=\"0daa1ea\" data-element_type=\"widget\" data-widget_type=\"image.default\">\n\t\t\t\t<div class=\"elementor-widget-container\">\n\t\t\t\t\t\t\t\t\t\t\t\t\t<img decoding=\"async\" width=\"500\" height=\"375\" src=\"https:\/\/pphr.org\/wp-content\/uploads\/2023\/11\/Max-Ernst-Capricorn-1948-Beaubourg.jpeg\" class=\"attachment-full size-full wp-image-314\" alt=\"\" srcset=\"https:\/\/pphr.org\/wp-content\/uploads\/2023\/11\/Max-Ernst-Capricorn-1948-Beaubourg.jpeg 500w, https:\/\/pphr.org\/wp-content\/uploads\/2023\/11\/Max-Ernst-Capricorn-1948-Beaubourg-300x225.jpeg 300w\" sizes=\"(max-width: 500px) 100vw, 500px\" style=\"width:100%;height:75%;max-width:500px\" \/>\t\t\t\t\t\t\t\t\t\t\t\t\t<\/div>\n\t\t\t\t<\/div>\n\t\t\t\t\t<\/div>\n\t\t\t\t<\/div>\n\t\t\t\t\t<\/div>\n\t\t\t\t<\/div>\n\t\t<div class=\"elementor-element elementor-element-aa805aa elementor-hidden-desktop elementor-hidden-mobile e-flex e-con-boxed e-con e-parent\" data-id=\"aa805aa\" data-element_type=\"container\" data-settings=\"{&quot;background_background&quot;:&quot;classic&quot;}\" data-core-v316-plus=\"true\">\n\t\t\t\t\t<div class=\"e-con-inner\">\n\t\t<div class=\"elementor-element elementor-element-25e6b0f e-flex e-con-boxed e-con e-child\" data-id=\"25e6b0f\" data-element_type=\"container\">\n\t\t\t\t\t<div class=\"e-con-inner\">\n\t\t\t\t<div class=\"elementor-element elementor-element-cb833c8 elementor-widget elementor-widget-heading\" data-id=\"cb833c8\" data-element_type=\"widget\" data-widget_type=\"heading.default\">\n\t\t\t\t<div class=\"elementor-widget-container\">\n\t\t\t<h2 class=\"elementor-heading-title elementor-size-default\">Revista de Estudos Cr\u00edticos da Sociedade e Religi\u00e3o (SocRel)<\/h2>\t\t<\/div>\n\t\t\t\t<\/div>\n\t\t\t\t<div class=\"elementor-element elementor-element-2212e39 elementor-widget elementor-widget-text-editor\" data-id=\"2212e39\" data-element_type=\"widget\" data-widget_type=\"text-editor.default\">\n\t\t\t\t<div class=\"elementor-widget-container\">\n\t\t\t\t\t\t\t\n<ul style=\"padding-left: 18px;\">\n \t<li><strong>Objetivos da Revista de Estudos Cr\u00edticos da Sociedade e Religi\u00e3o<\/strong>\n<ul style=\"padding-left: 18px; list-style-type: disc!important;\">\n \t<li>Criar um espa\u00e7o editorial acad\u00eamico na Am\u00e9rica Latina referente aos estudos da sociedade e a religi\u00e3o, com o prop\u00f3sito de difundir investiga\u00e7\u00f5es recentes e em andamento, e fortalecer redes acad\u00eamicas<\/li>\n<\/ul>\n<\/li>\n<\/ul>\n\t\t\t\t\t\t<\/div>\n\t\t\t\t<\/div>\n\t\t\t\t\t<\/div>\n\t\t\t\t<\/div>\n\t\t<div class=\"elementor-element elementor-element-d1810a7 e-flex e-con-boxed e-con e-child\" data-id=\"d1810a7\" data-element_type=\"container\">\n\t\t\t\t\t<div class=\"e-con-inner\">\n\t\t\t\t<div class=\"elementor-element elementor-element-547d0d4 elementor-widget elementor-widget-image\" data-id=\"547d0d4\" data-element_type=\"widget\" data-widget_type=\"image.default\">\n\t\t\t\t<div class=\"elementor-widget-container\">\n\t\t\t\t\t\t\t\t\t\t\t\t\t<img decoding=\"async\" width=\"500\" height=\"375\" src=\"https:\/\/pphr.org\/wp-content\/uploads\/2023\/11\/Max-Ernst-Capricorn-1948-Beaubourg.jpeg\" class=\"attachment-full size-full wp-image-314\" alt=\"\" srcset=\"https:\/\/pphr.org\/wp-content\/uploads\/2023\/11\/Max-Ernst-Capricorn-1948-Beaubourg.jpeg 500w, https:\/\/pphr.org\/wp-content\/uploads\/2023\/11\/Max-Ernst-Capricorn-1948-Beaubourg-300x225.jpeg 300w\" sizes=\"(max-width: 500px) 100vw, 500px\" style=\"width:100%;height:75%;max-width:500px\" \/>\t\t\t\t\t\t\t\t\t\t\t\t\t<\/div>\n\t\t\t\t<\/div>\n\t\t\t\t\t<\/div>\n\t\t\t\t<\/div>\n\t\t\t\t\t<\/div>\n\t\t\t\t<\/div>\n\t\t<div class=\"elementor-element elementor-element-4a762c8 elementor-hidden-desktop elementor-hidden-mobile e-flex e-con-boxed e-con e-parent\" data-id=\"4a762c8\" data-element_type=\"container\" data-settings=\"{&quot;background_background&quot;:&quot;classic&quot;}\" data-core-v316-plus=\"true\">\n\t\t\t\t\t<div class=\"e-con-inner\">\n\t\t\t\t<div class=\"elementor-element elementor-element-c89dbdb elementor-widget elementor-widget-text-editor\" data-id=\"c89dbdb\" data-element_type=\"widget\" data-widget_type=\"text-editor.default\">\n\t\t\t\t<div class=\"elementor-widget-container\">\n\t\t\t\t\t\t\t\n<ul style=\"padding-left: 18px;\">\n \t<li>Construir uma plataforma de reflex\u00e3o e discuss\u00e3o cr\u00edtica, hol\u00edstica e transdisciplinar acerca dos estudos da sociedade e religi\u00e3o<\/li>\n \t<li>Disseminar estudos cr\u00edticos, transcendentes e transdisciplinares e facilitar um di\u00e1logo aberto e construtivo entre acad\u00eamicos, investigadores, educadores e estudantes de p\u00f3s-gradua\u00e7\u00e3o sobre as inter-rela\u00e7\u00f5es entre a ci\u00eancia, a cultura, a sociedade, a economia, a pol\u00edtica, o estado e a religi\u00e3o<\/li>\n \t<li>Contribuir para a reflex\u00e3o hol\u00edstica, an\u00e1lise e debate sobre os processos hist\u00f3rico-sociais, pol\u00edticos, econ\u00f4micos, culturais e religiosos na Am\u00e9rica Latina<\/li>\n \t<li>Promover a reflex\u00e3o sobre as identidades e as categorias da religi\u00e3o, a religiosidade e a cultura constru\u00eddas nas sociedades latino-americanas, de uma perspectiva transdisciplinar e n\u00e3o confessional<\/li>\n<\/ul>\n<ul style=\"padding-left: 18px;\">\n \t<li><strong>Caracter\u00edsticas da Revista de Estudos Cr\u00edticos da Sociedade e Religi\u00e3o (SocRel)<\/strong>\n<ul style=\"padding-left: 18px; list-style-type: disc!important;\">\n \t<li>Revista cr\u00edtica, hol\u00edstica e transdisciplinar<\/li>\n \t<li style=\"text-decoration: underline;\">Publica\u00e7\u00e3o Semestral<\/li>\n \t<li>Formato digital<\/li>\n \t<li>Conselho Editorial Internacional da SocRel<\/li>\n \t<li>Artigos selecionados por meio de uma Revis\u00e3o-por-pares internacional<\/li>\n \t<li>Artigos em espanhol, ingl\u00eas e portugu\u00eas<\/li>\n \t<li>Direitos de autor livres<\/li>\n \t<li>Gratuita ou vendida a um pre\u00e7o moderado ou como assinatura (pode ser patrocinada atrav\u00e9s de publicidade acad\u00eamica, ONGs, setor p\u00fablico)<\/li>\n<\/ul>\n<\/li>\n<\/ul>\n\t\t\t\t\t\t<\/div>\n\t\t\t\t<\/div>\n\t\t\t\t\t<\/div>\n\t\t\t\t<\/div>\n\t\t<div class=\"elementor-element elementor-element-420155a elementor-hidden-tablet e-flex e-con-boxed e-con e-parent\" data-id=\"420155a\" data-element_type=\"container\" data-settings=\"{&quot;background_background&quot;:&quot;classic&quot;}\" data-core-v316-plus=\"true\">\n\t\t\t\t\t<div class=\"e-con-inner\">\n\t\t\t\t<div class=\"elementor-element elementor-element-4996cea elementor-widget elementor-widget-text-editor\" data-id=\"4996cea\" data-element_type=\"widget\" data-widget_type=\"text-editor.default\">\n\t\t\t\t<div class=\"elementor-widget-container\">\n\t\t\t\t\t\t\t\n<ul style=\"padding-left: 18px;\">\n \t<li><strong>Caracter\u00edsticas da Revista de Estudos Cr\u00edticos da Sociedade e Religi\u00e3o (SocRel)<\/strong>\n<ul style=\"padding-left: 18px; list-style-type: disc!important;\">\n \t<li>Revista cr\u00edtica, hol\u00edstica e transdisciplinar<\/li>\n \t<li style=\"text-decoration: underline;\">Publica\u00e7\u00e3o Semestral<\/li>\n \t<li>Formato digital<\/li>\n \t<li>Conselho Editorial Internacional da SocRel<\/li>\n \t<li>Artigos selecionados por meio de uma Revis\u00e3o-por-pares internacional<\/li>\n \t<li>Artigos em espanhol, ingl\u00eas e portugu\u00eas<\/li>\n \t<li>Direitos de autor livres<\/li>\n \t<li>Gratuita ou vendida a um pre\u00e7o moderado ou como assinatura (pode ser patrocinada atrav\u00e9s de publicidade acad\u00eamica, ONGs, setor p\u00fablico)<\/li>\n<\/ul>\n<\/li>\n<\/ul>\n\t\t\t\t\t\t<\/div>\n\t\t\t\t<\/div>\n\t\t\t\t\t<\/div>\n\t\t\t\t<\/div>\n\t\t<div class=\"elementor-element elementor-element-290ad65 elementor-hidden-tablet e-flex e-con-boxed e-con e-parent\" data-id=\"290ad65\" data-element_type=\"container\" data-settings=\"{&quot;background_background&quot;:&quot;classic&quot;}\" data-core-v316-plus=\"true\">\n\t\t\t\t\t<div class=\"e-con-inner\">\n\t\t<div class=\"elementor-element elementor-element-fe6563c e-flex e-con-boxed e-con e-child\" data-id=\"fe6563c\" data-element_type=\"container\">\n\t\t\t\t\t<div class=\"e-con-inner\">\n\t\t\t\t<div class=\"elementor-element elementor-element-6822257 elementor-widget elementor-widget-image\" data-id=\"6822257\" data-element_type=\"widget\" data-widget_type=\"image.default\">\n\t\t\t\t<div class=\"elementor-widget-container\">\n\t\t\t\t\t\t\t\t\t\t\t\t\t<img decoding=\"async\" width=\"2560\" height=\"1920\" src=\"https:\/\/pphr.org\/wp-content\/uploads\/2023\/11\/Cabo-Polonio-Dic.2013-20-scaled.jpg\" class=\"attachment-full size-full wp-image-638\" alt=\"\" srcset=\"https:\/\/pphr.org\/wp-content\/uploads\/2023\/11\/Cabo-Polonio-Dic.2013-20-scaled.jpg 2560w, https:\/\/pphr.org\/wp-content\/uploads\/2023\/11\/Cabo-Polonio-Dic.2013-20-300x225.jpg 300w, https:\/\/pphr.org\/wp-content\/uploads\/2023\/11\/Cabo-Polonio-Dic.2013-20-1024x768.jpg 1024w, https:\/\/pphr.org\/wp-content\/uploads\/2023\/11\/Cabo-Polonio-Dic.2013-20-768x576.jpg 768w, https:\/\/pphr.org\/wp-content\/uploads\/2023\/11\/Cabo-Polonio-Dic.2013-20-1536x1152.jpg 1536w, https:\/\/pphr.org\/wp-content\/uploads\/2023\/11\/Cabo-Polonio-Dic.2013-20-2048x1536.jpg 2048w, https:\/\/pphr.org\/wp-content\/uploads\/2023\/11\/Cabo-Polonio-Dic.2013-20-1568x1176.jpg 1568w\" sizes=\"(max-width: 2560px) 100vw, 2560px\" style=\"width:100%;height:75%;max-width:2560px\" \/>\t\t\t\t\t\t\t\t\t\t\t\t\t<\/div>\n\t\t\t\t<\/div>\n\t\t\t\t\t<\/div>\n\t\t\t\t<\/div>\n\t\t<div class=\"elementor-element elementor-element-d5ad8a8 e-flex e-con-boxed e-con e-child\" data-id=\"d5ad8a8\" data-element_type=\"container\">\n\t\t\t\t\t<div class=\"e-con-inner\">\n\t\t\t\t<div class=\"elementor-element elementor-element-dfa23ec elementor-widget elementor-widget-heading\" data-id=\"dfa23ec\" data-element_type=\"widget\" data-widget_type=\"heading.default\">\n\t\t\t\t<div class=\"elementor-widget-container\">\n\t\t\t<h2 class=\"elementor-heading-title elementor-size-default\">Confer\u00eancia Internacional de Estudos Cr\u00edticos da Sociedade e Religi\u00e3o (ICSR)\n<\/h2>\t\t<\/div>\n\t\t\t\t<\/div>\n\t\t\t\t<div class=\"elementor-element elementor-element-4dbd228 elementor-widget elementor-widget-text-editor\" data-id=\"4dbd228\" data-element_type=\"widget\" data-widget_type=\"text-editor.default\">\n\t\t\t\t<div class=\"elementor-widget-container\">\n\t\t\t\t\t\t\t\n<ul style=\"padding-left: 18px;\">\n \t<li><strong>Objetivos da Confer\u00eancia Internacional de Estudos Cr\u00edticos da Sociedade e Religi\u00e3o<\/strong>\n<ul style=\"padding-left: 18px; list-style-type: disc!important;\">\n \t<li>Criar um espa\u00e7o acad\u00eamico na Am\u00e9rica Latina com rela\u00e7\u00e3o aos estudos da sociedade e a religi\u00e3o com o prop\u00f3sito de atualizar e difundir investiga\u00e7\u00f5es recentes e em andamento, e fortalecer redes acad\u00eamicas<\/li>\n \t<li>Construir uma plataforma de reflex\u00e3o e discuss\u00e3o cr\u00edtica, hol\u00edstica e transdisciplinar com rela\u00e7\u00e3o aos estudos da sociedade e religi\u00e3o<\/li>\n<\/ul>\n<\/li>\n<\/ul>\n\t\t\t\t\t\t<\/div>\n\t\t\t\t<\/div>\n\t\t\t\t\t<\/div>\n\t\t\t\t<\/div>\n\t\t\t\t\t<\/div>\n\t\t\t\t<\/div>\n\t\t<div class=\"elementor-element elementor-element-aff3d40 elementor-hidden-desktop elementor-hidden-mobile e-flex e-con-boxed e-con e-parent\" data-id=\"aff3d40\" data-element_type=\"container\" data-settings=\"{&quot;background_background&quot;:&quot;classic&quot;}\" data-core-v316-plus=\"true\">\n\t\t\t\t\t<div class=\"e-con-inner\">\n\t\t<div class=\"elementor-element elementor-element-e1690ce e-flex e-con-boxed e-con e-child\" data-id=\"e1690ce\" data-element_type=\"container\">\n\t\t\t\t\t<div class=\"e-con-inner\">\n\t\t\t\t<div class=\"elementor-element elementor-element-918ed9b elementor-widget elementor-widget-image\" data-id=\"918ed9b\" data-element_type=\"widget\" data-widget_type=\"image.default\">\n\t\t\t\t<div class=\"elementor-widget-container\">\n\t\t\t\t\t\t\t\t\t\t\t\t\t<img loading=\"lazy\" decoding=\"async\" width=\"1504\" height=\"812\" src=\"https:\/\/pphr.org\/wp-content\/uploads\/2023\/11\/Angkor-Wat-1.jpg\" class=\"attachment-full size-full wp-image-313\" alt=\"\" srcset=\"https:\/\/pphr.org\/wp-content\/uploads\/2023\/11\/Angkor-Wat-1.jpg 1504w, https:\/\/pphr.org\/wp-content\/uploads\/2023\/11\/Angkor-Wat-1-300x162.jpg 300w, https:\/\/pphr.org\/wp-content\/uploads\/2023\/11\/Angkor-Wat-1-1024x553.jpg 1024w, https:\/\/pphr.org\/wp-content\/uploads\/2023\/11\/Angkor-Wat-1-768x415.jpg 768w\" sizes=\"(max-width: 1504px) 100vw, 1504px\" style=\"width:100%;height:53.99%;max-width:1504px\" \/>\t\t\t\t\t\t\t\t\t\t\t\t\t<\/div>\n\t\t\t\t<\/div>\n\t\t\t\t\t<\/div>\n\t\t\t\t<\/div>\n\t\t<div class=\"elementor-element elementor-element-0df764f e-flex e-con-boxed e-con e-child\" data-id=\"0df764f\" data-element_type=\"container\">\n\t\t\t\t\t<div class=\"e-con-inner\">\n\t\t\t\t<div class=\"elementor-element elementor-element-f2abaed elementor-widget elementor-widget-heading\" data-id=\"f2abaed\" data-element_type=\"widget\" data-widget_type=\"heading.default\">\n\t\t\t\t<div class=\"elementor-widget-container\">\n\t\t\t<h2 class=\"elementor-heading-title elementor-size-default\">Confer\u00eancia Internacional de Estudos Cr\u00edticos da Sociedade e Religi\u00e3o (ICSR)\n<\/h2>\t\t<\/div>\n\t\t\t\t<\/div>\n\t\t\t\t<div class=\"elementor-element elementor-element-4e3af96 elementor-widget elementor-widget-text-editor\" data-id=\"4e3af96\" data-element_type=\"widget\" data-widget_type=\"text-editor.default\">\n\t\t\t\t<div class=\"elementor-widget-container\">\n\t\t\t\t\t\t\t\n<ul style=\"padding-left: 18px;\">\n \t<li><strong>Objetivos da Confer\u00eancia Internacional de Estudos Cr\u00edticos da Sociedade e Religi\u00e3o<\/strong><\/li>\n<\/ul>\n\t\t\t\t\t\t<\/div>\n\t\t\t\t<\/div>\n\t\t\t\t\t<\/div>\n\t\t\t\t<\/div>\n\t\t\t\t\t<\/div>\n\t\t\t\t<\/div>\n\t\t<div class=\"elementor-element elementor-element-d374bae elementor-hidden-desktop elementor-hidden-mobile e-flex e-con-boxed e-con e-parent\" data-id=\"d374bae\" data-element_type=\"container\" data-settings=\"{&quot;background_background&quot;:&quot;classic&quot;}\" data-core-v316-plus=\"true\">\n\t\t\t\t\t<div class=\"e-con-inner\">\n\t\t\t\t<div class=\"elementor-element elementor-element-e72965b elementor-widget elementor-widget-text-editor\" data-id=\"e72965b\" data-element_type=\"widget\" data-widget_type=\"text-editor.default\">\n\t\t\t\t<div class=\"elementor-widget-container\">\n\t\t\t\t\t\t\t\n<ul style=\"padding-left: 18px; list-style-type: disc!important;\">\n \t<li>Criar um espa\u00e7o acad\u00eamico na Am\u00e9rica Latina com rela\u00e7\u00e3o aos estudos da sociedade e a religi\u00e3o com o prop\u00f3sito de atualizar e difundir investiga\u00e7\u00f5es recentes e em andamento, e fortalecer redes acad\u00eamicas<\/li>\n \t<li>Construir uma plataforma de reflex\u00e3o e discuss\u00e3o cr\u00edtica, hol\u00edstica e transdisciplinar com rela\u00e7\u00e3o aos estudos da sociedade e religi\u00e3o<\/li>\n<\/ul>\n<ul style=\"padding-left: 18px;\">\n \t<li>Disseminar os estudos cr\u00edticos, transcendentes e transdisciplinares e facilitar um di\u00e1logo aberto e construtivo entre acad\u00eamicos, investigadores, educadores e estudantes de p\u00f3s-gradua\u00e7\u00e3o sobre as inter-rela\u00e7\u00f5es entre a ci\u00eancia, a cultura, a sociedade, a economia, a pol\u00edtica, o estado e a religi\u00e3o<\/li>\n \t<li>Favorecer a reflex\u00e3o sobre as identidades e as categorias da religi\u00e3o, a religiosidade e a cultura constru\u00eddas nas sociedades latino-americanas, de uma perspectiva transdisciplinar e n\u00e3o-confessional\n<ul style=\"padding-left: 18px; list-style-type: disc !important;\">\n \t<li><strong>Sobre \u00e0 Confer\u00eancia Internacional de Estudos Cr\u00edticos da Sociedade e Religi\u00e3o (ICSR)<\/strong>\n<ul style=\"padding-left: 18px; list-style-type: disc!important;\">\n \t<li>Reuni\u00e3o internacional cr\u00edtica, hol\u00edstica e transdisciplinar<\/li>\n \t<li>Formato digital (virtual\/online)<\/li>\n \t<li>Frequ\u00eancia anual<\/li>\n \t<li>Dura\u00e7\u00e3o, m\u00eas, hor\u00e1rio, fuso-hor\u00e1rio\nDura\u00e7\u00e3o: 3 dias\nM\u00eas: Outubro, Quinta-feira a S\u00e1bado\n09:00-13:00h e 14:00-16:00h, UTC-6 (Am\u00e9rica Latina)<\/li>\n \t<li>Idiomas: ingl\u00eas, espanhol e portugu\u00eas<\/li>\n<\/ul>\n<\/li>\n<\/ul>\n<\/li>\n<\/ul>\n<\/li>\n<\/ul>\n<\/li>\n<\/ul>\t\t\t\t\t\t<\/div>\n\t\t\t\t<\/div>\n\t\t\t\t\t<\/div>\n\t\t\t\t<\/div>\n\t\t<div class=\"elementor-element elementor-element-d4fbf2c elementor-hidden-tablet e-flex e-con-boxed e-con e-parent\" data-id=\"d4fbf2c\" data-element_type=\"container\" data-settings=\"{&quot;background_background&quot;:&quot;classic&quot;}\" data-core-v316-plus=\"true\">\n\t\t\t\t\t<div class=\"e-con-inner\">\n\t\t\t\t<div class=\"elementor-element elementor-element-ff8150f elementor-widget elementor-widget-text-editor\" data-id=\"ff8150f\" data-element_type=\"widget\" data-widget_type=\"text-editor.default\">\n\t\t\t\t<div class=\"elementor-widget-container\">\n\t\t\t\t\t\t\t\n<ul style=\"padding-left: 18px;\">\n \t<li>Disseminar os estudos cr\u00edticos, transcendentes e transdisciplinares e facilitar um di\u00e1logo aberto e construtivo entre acad\u00eamicos, investigadores, educadores e estudantes de p\u00f3s-gradua\u00e7\u00e3o sobre as inter-rela\u00e7\u00f5es entre a ci\u00eancia, a cultura, a sociedade, a economia, a pol\u00edtica, o estado e a religi\u00e3o<\/li>\n \t<li>\u00a0Favorecer a reflex\u00e3o sobre as identidades e as categorias da religi\u00e3o, a religiosidade e a cultura constru\u00eddas nas sociedades latino-americanas, de uma perspectiva transdisciplinar e n\u00e3o-confessional\n<ul style=\"padding-left: 18px; list-style-type: disc !important;\">\n \t<li><strong>Sobre \u00e0 Confer\u00eancia Internacional de Estudos Cr\u00edticos da Sociedade e Religi\u00e3o (ICSR)<\/strong>\n<ul style=\"padding-left: 18px; list-style-type: disc!important;\">\n \t<li>Reuni\u00e3o internacional cr\u00edtica, hol\u00edstica e transdisciplinar<\/li>\n \t<li>Formato digital (virtual\/online)<\/li>\n \t<li>Frequ\u00eancia anual<\/li>\n \t<li>Dura\u00e7\u00e3o, m\u00eas, hor\u00e1rio, fuso-hor\u00e1rio\nDura\u00e7\u00e3o: 3 dias\nM\u00eas: Outubro, Quinta-feira a S\u00e1bado\n09:00-13:00h e 14:00-16:00h, UTC-6 (Am\u00e9rica Latina)<\/li>\n \t<li>Idiomas: ingl\u00eas, espanhol e portugu\u00eas<\/li>\n<\/ul>\n<\/li>\n<\/ul>\n<\/li>\n<\/ul>\n<\/li>\n<\/ul>\n<\/li>\n<\/ul>\t\t\t\t\t\t<\/div>\n\t\t\t\t<\/div>\n\t\t\t\t\t<\/div>\n\t\t\t\t<\/div>\n\t\t\t\t<\/div>\n\t\t","protected":false},"excerpt":{"rendered":"<p>Revista de Estudos Cr\u00edticos da Sociedade e Religi\u00e3o e Confer\u00eancia Internacional de Estudos Cr\u00edticos da Sociedade e Religi\u00e3o Revista de Estudos Cr\u00edticos da Sociedade e Religi\u00e3o (SocRel) Objetivos da Revista de Estudos Cr\u00edticos da Sociedade e Religi\u00e3o Criar um espa\u00e7o editorial acad\u00eamico na Am\u00e9rica Latina referente aos estudos da sociedade e a religi\u00e3o, com o&hellip; <a class=\"more-link\" href=\"https:\/\/pphr.org\/pb\/socrel-icsr\/\">Continuar lendo <span class=\"screen-reader-text\">SocRel &amp; ICSR<\/span><\/a><\/p>\n","protected":false},"author":1,"featured_media":0,"parent":0,"menu_order":0,"comment_status":"closed","ping_status":"closed","template":"elementor_header_footer","meta":{"footnotes":""},"class_list":["post-229","page","type-page","status-publish","hentry","entry"],"_links":{"self":[{"href":"https:\/\/pphr.org\/pb\/wp-json\/wp\/v2\/pages\/229","targetHints":{"allow":["GET"]}}],"collection":[{"href":"https:\/\/pphr.org\/pb\/wp-json\/wp\/v2\/pages"}],"about":[{"href":"https:\/\/pphr.org\/pb\/wp-json\/wp\/v2\/types\/page"}],"author":[{"embeddable":true,"href":"https:\/\/pphr.org\/pb\/wp-json\/wp\/v2\/users\/1"}],"replies":[{"embeddable":true,"href":"https:\/\/pphr.org\/pb\/wp-json\/wp\/v2\/comments?post=229"}],"version-history":[{"count":40,"href":"https:\/\/pphr.org\/pb\/wp-json\/wp\/v2\/pages\/229\/revisions"}],"predecessor-version":[{"id":1407,"href":"https:\/\/pphr.org\/pb\/wp-json\/wp\/v2\/pages\/229\/revisions\/1407"}],"wp:attachment":[{"href":"https:\/\/pphr.org\/pb\/wp-json\/wp\/v2\/media?parent=229"}],"curies":[{"name":"wp","href":"https:\/\/api.w.org\/{rel}","templated":true}]}}