{"id":220,"date":"2023-11-14T09:20:12","date_gmt":"2023-11-14T09:20:12","guid":{"rendered":"http:\/\/localhost\/pphr\/?page_id=220"},"modified":"2023-11-24T12:12:34","modified_gmt":"2023-11-24T12:12:34","slug":"international-academic-collaboration","status":"publish","type":"page","link":"https:\/\/pphr.org\/pb\/international-academic-collaboration\/","title":{"rendered":"International Academic Collaboration"},"content":{"rendered":"\t\t<div data-elementor-type=\"wp-page\" data-elementor-id=\"220\" class=\"elementor elementor-220\" data-elementor-post-type=\"page\">\n\t\t\t\t<div class=\"elementor-element elementor-element-049ee15 e-con-full elementor-hidden-tablet elementor-hidden-mobile e-flex e-con e-parent\" data-id=\"049ee15\" data-element_type=\"container\" data-settings=\"{&quot;background_background&quot;:&quot;classic&quot;}\" data-core-v316-plus=\"true\">\n\t\t<div class=\"elementor-element elementor-element-081d745 e-con-full e-flex e-con e-child\" data-id=\"081d745\" data-element_type=\"container\">\n\t\t\t\t<div class=\"elementor-element elementor-element-496cf08 elementor-widget elementor-widget-theme-site-logo elementor-widget-image\" data-id=\"496cf08\" data-element_type=\"widget\" data-widget_type=\"theme-site-logo.default\">\n\t\t\t\t<div class=\"elementor-widget-container\">\n\t\t\t<style>\/*! elementor - v3.20.0 - 26-03-2024 *\/\n.elementor-widget-image{text-align:center}.elementor-widget-image a{display:inline-block}.elementor-widget-image a img[src$=\".svg\"]{width:48px}.elementor-widget-image img{vertical-align:middle;display:inline-block}<\/style>\t\t\t\t\t<div class=\"elementor-image\">\n\t\t\t\t\t\t\t\t<a href=\"https:\/\/pphr.org\/pb\">\n\t\t\t<img fetchpriority=\"high\" decoding=\"async\" width=\"229\" height=\"221\" src=\"https:\/\/pphr.org\/wp-content\/uploads\/2023\/11\/logo-1.png\" class=\"attachment-full size-full wp-image-551\" alt=\"\" style=\"width:100%;height:96.51%;max-width:229px\" \/>\t\t\t\t<\/a>\n\t\t\t\t\t\t\t\t\t\t<\/div>\n\t\t\t\t\t\t<\/div>\n\t\t\t\t<\/div>\n\t\t\t\t<\/div>\n\t\t\t\t<\/div>\n\t\t<div class=\"elementor-element elementor-element-cdc5671 e-con-full elementor-hidden-desktop e-flex e-con e-parent\" data-id=\"cdc5671\" data-element_type=\"container\" data-settings=\"{&quot;background_background&quot;:&quot;classic&quot;}\" data-core-v316-plus=\"true\">\n\t\t\t\t<\/div>\n\t\t<div class=\"elementor-element elementor-element-0cf605a e-flex e-con-boxed e-con e-parent\" data-id=\"0cf605a\" data-element_type=\"container\" data-settings=\"{&quot;background_background&quot;:&quot;classic&quot;}\" data-core-v316-plus=\"true\">\n\t\t\t\t\t<div class=\"e-con-inner\">\n\t\t\t\t<div class=\"elementor-element elementor-element-d14d2fd elementor-widget elementor-widget-heading\" data-id=\"d14d2fd\" data-element_type=\"widget\" data-widget_type=\"heading.default\">\n\t\t\t\t<div class=\"elementor-widget-container\">\n\t\t\t<style>\/*! elementor - v3.20.0 - 26-03-2024 *\/\n.elementor-heading-title{padding:0;margin:0;line-height:1}.elementor-widget-heading .elementor-heading-title[class*=elementor-size-]>a{color:inherit;font-size:inherit;line-height:inherit}.elementor-widget-heading .elementor-heading-title.elementor-size-small{font-size:15px}.elementor-widget-heading .elementor-heading-title.elementor-size-medium{font-size:19px}.elementor-widget-heading .elementor-heading-title.elementor-size-large{font-size:29px}.elementor-widget-heading .elementor-heading-title.elementor-size-xl{font-size:39px}.elementor-widget-heading .elementor-heading-title.elementor-size-xxl{font-size:59px}<\/style><h2 class=\"elementor-heading-title elementor-size-default\">de Colabora\u00e7\u00e3o <span style=\"color:#f0ad00\">Acad\u00eamica<\/span> Internacional<\/h2>\t\t<\/div>\n\t\t\t\t<\/div>\n\t\t\t\t\t<\/div>\n\t\t\t\t<\/div>\n\t\t<div class=\"elementor-element elementor-element-14531cf elementor-hidden-tablet e-flex e-con-boxed e-con e-parent\" data-id=\"14531cf\" data-element_type=\"container\" data-settings=\"{&quot;background_background&quot;:&quot;classic&quot;}\" data-core-v316-plus=\"true\">\n\t\t\t\t\t<div class=\"e-con-inner\">\n\t\t<div class=\"elementor-element elementor-element-5f56694 e-flex e-con-boxed e-con e-child\" data-id=\"5f56694\" data-element_type=\"container\">\n\t\t\t\t\t<div class=\"e-con-inner\">\n\t\t\t\t<div class=\"elementor-element elementor-element-d26fb93 elementor-widget elementor-widget-heading\" data-id=\"d26fb93\" data-element_type=\"widget\" data-widget_type=\"heading.default\">\n\t\t\t\t<div class=\"elementor-widget-container\">\n\t\t\t<h2 class=\"elementor-heading-title elementor-size-default\">Programas de P\u00f3s-Gradua\u00e7\u00e3o e Projetos de Investiga\u00e7\u00e3o Colaborativos Internacionais<\/h2>\t\t<\/div>\n\t\t\t\t<\/div>\n\t\t\t\t<div class=\"elementor-element elementor-element-4f60bf8 elementor-widget elementor-widget-text-editor\" data-id=\"4f60bf8\" data-element_type=\"widget\" data-widget_type=\"text-editor.default\">\n\t\t\t\t<div class=\"elementor-widget-container\">\n\t\t\t<style>\/*! elementor - v3.20.0 - 26-03-2024 *\/\n.elementor-widget-text-editor.elementor-drop-cap-view-stacked .elementor-drop-cap{background-color:#69727d;color:#fff}.elementor-widget-text-editor.elementor-drop-cap-view-framed .elementor-drop-cap{color:#69727d;border:3px solid;background-color:transparent}.elementor-widget-text-editor:not(.elementor-drop-cap-view-default) .elementor-drop-cap{margin-top:8px}.elementor-widget-text-editor:not(.elementor-drop-cap-view-default) .elementor-drop-cap-letter{width:1em;height:1em}.elementor-widget-text-editor .elementor-drop-cap{float:left;text-align:center;line-height:1;font-size:50px}.elementor-widget-text-editor .elementor-drop-cap-letter{display:inline-block}<\/style>\t\t\t\tNa Am\u00e9rica Latina, a maioria das institui\u00e7\u00f5es de ensino superior desempenham as suas atividades da mesma forma que o fizeram durante os \u00faltimos dois s\u00e9culos: olhando para dentro, focadas na dimens\u00e3o nacional, separadas umas das outras, sem v\u00ednculos org\u00e2nicos que as unam, nem mesmo com os pa\u00edses vizinhos.Algumas iniciativas do <strong>Programa de Colabora\u00e7\u00e3o Acad\u00eamica Internacional<\/strong> incluem:\n<ul style=\"padding-left: 18px;\">\n \t<li>Programas de P\u00f3s-Gradua\u00e7\u00e3o Colaborativos Internacionais<\/li>\n \t<li>Projetos de Investiga\u00e7\u00e3o Colaborativos Internacionais<\/li>\n \t<li>Redes Acad\u00eamicas e de Investigac\u00e3o na Am\u00e9rica Latina<\/li>\n \t<li>Est\u00e1gios de estudo e de investiga\u00e7\u00e3o para professores-investigadores e estudantes na regi\u00e3o<\/li>\n \t<li>C\u00e1tedras de professores-investigadores visitantes<\/li>\n \t<li>Alian\u00e7as Acad\u00eamicas e Programas Colaborativos de Aprendizagem Digital com outras universidades a n\u00edvel nacional e internacional<\/li>\n \t<li>Publica\u00e7\u00f5es internacionais, especialmente digitais<\/li>\n \t<li>F\u00f3runs e col\u00f3quios internacionais que promovam a reflex\u00e3o sobre as identidades e as categorias da cultura, a pol\u00edtica e a religi\u00e3o constru\u00eddas nas sociedades latino-americanas<\/li>\n<\/ul>\n\t\t\t\t\t\t<\/div>\n\t\t\t\t<\/div>\n\t\t\t\t\t<\/div>\n\t\t\t\t<\/div>\n\t\t<div class=\"elementor-element elementor-element-1678d71 e-flex e-con-boxed e-con e-child\" data-id=\"1678d71\" data-element_type=\"container\">\n\t\t\t\t\t<div class=\"e-con-inner\">\n\t\t\t\t<div class=\"elementor-element elementor-element-6b6fee6 elementor-widget elementor-widget-image\" data-id=\"6b6fee6\" data-element_type=\"widget\" data-widget_type=\"image.default\">\n\t\t\t\t<div class=\"elementor-widget-container\">\n\t\t\t\t\t\t\t\t\t\t\t\t\t<img decoding=\"async\" width=\"1343\" height=\"736\" src=\"https:\/\/pphr.org\/wp-content\/uploads\/2023\/11\/Acropolis-full-Moon-2.png\" class=\"attachment-full size-full wp-image-626\" alt=\"\" srcset=\"https:\/\/pphr.org\/wp-content\/uploads\/2023\/11\/Acropolis-full-Moon-2.png 1343w, https:\/\/pphr.org\/wp-content\/uploads\/2023\/11\/Acropolis-full-Moon-2-300x164.png 300w, https:\/\/pphr.org\/wp-content\/uploads\/2023\/11\/Acropolis-full-Moon-2-1024x561.png 1024w, https:\/\/pphr.org\/wp-content\/uploads\/2023\/11\/Acropolis-full-Moon-2-768x421.png 768w\" sizes=\"(max-width: 1343px) 100vw, 1343px\" style=\"width:100%;height:54.8%;max-width:1343px\" \/>\t\t\t\t\t\t\t\t\t\t\t\t\t<\/div>\n\t\t\t\t<\/div>\n\t\t\t\t\t<\/div>\n\t\t\t\t<\/div>\n\t\t\t\t\t<\/div>\n\t\t\t\t<\/div>\n\t\t<div class=\"elementor-element elementor-element-60b64c5 elementor-hidden-desktop elementor-hidden-mobile e-flex e-con-boxed e-con e-parent\" data-id=\"60b64c5\" data-element_type=\"container\" data-settings=\"{&quot;background_background&quot;:&quot;classic&quot;}\" data-core-v316-plus=\"true\">\n\t\t\t\t\t<div class=\"e-con-inner\">\n\t\t<div class=\"elementor-element elementor-element-ac76510 e-flex e-con-boxed e-con e-child\" data-id=\"ac76510\" data-element_type=\"container\">\n\t\t\t\t\t<div class=\"e-con-inner\">\n\t\t\t\t<div class=\"elementor-element elementor-element-4fda3b0 elementor-widget elementor-widget-heading\" data-id=\"4fda3b0\" data-element_type=\"widget\" data-widget_type=\"heading.default\">\n\t\t\t\t<div class=\"elementor-widget-container\">\n\t\t\t<h2 class=\"elementor-heading-title elementor-size-default\">Programas de P\u00f3s-Gradua\u00e7\u00e3o e Projetos de Investiga\u00e7\u00e3o Colaborativos Internacionais<\/h2>\t\t<\/div>\n\t\t\t\t<\/div>\n\t\t\t\t<div class=\"elementor-element elementor-element-7c11ef3 elementor-widget elementor-widget-text-editor\" data-id=\"7c11ef3\" data-element_type=\"widget\" data-widget_type=\"text-editor.default\">\n\t\t\t\t<div class=\"elementor-widget-container\">\n\t\t\t\t\t\t\tNa Am\u00e9rica Latina, a maioria das institui\u00e7\u00f5es de ensino superior desempenham as suas atividades da mesma forma que o fizeram durante os \u00faltimos dois s\u00e9culos: olhando para dentro, focadas na dimens\u00e3o nacional, separadas umas das outras, sem v\u00ednculos org\u00e2nicos que as unam, nem mesmo com os pa\u00edses vizinhos.\t\t\t\t\t\t<\/div>\n\t\t\t\t<\/div>\n\t\t\t\t\t<\/div>\n\t\t\t\t<\/div>\n\t\t<div class=\"elementor-element elementor-element-02e66ed e-flex e-con-boxed e-con e-child\" data-id=\"02e66ed\" data-element_type=\"container\">\n\t\t\t\t\t<div class=\"e-con-inner\">\n\t\t\t\t<div class=\"elementor-element elementor-element-5aa1135 elementor-widget elementor-widget-image\" data-id=\"5aa1135\" data-element_type=\"widget\" data-widget_type=\"image.default\">\n\t\t\t\t<div class=\"elementor-widget-container\">\n\t\t\t\t\t\t\t\t\t\t\t\t\t<img decoding=\"async\" width=\"1343\" height=\"736\" src=\"https:\/\/pphr.org\/wp-content\/uploads\/2023\/11\/Acropolis-full-Moon-2.png\" class=\"attachment-full size-full wp-image-626\" alt=\"\" srcset=\"https:\/\/pphr.org\/wp-content\/uploads\/2023\/11\/Acropolis-full-Moon-2.png 1343w, https:\/\/pphr.org\/wp-content\/uploads\/2023\/11\/Acropolis-full-Moon-2-300x164.png 300w, https:\/\/pphr.org\/wp-content\/uploads\/2023\/11\/Acropolis-full-Moon-2-1024x561.png 1024w, https:\/\/pphr.org\/wp-content\/uploads\/2023\/11\/Acropolis-full-Moon-2-768x421.png 768w\" sizes=\"(max-width: 1343px) 100vw, 1343px\" style=\"width:100%;height:54.8%;max-width:1343px\" \/>\t\t\t\t\t\t\t\t\t\t\t\t\t<\/div>\n\t\t\t\t<\/div>\n\t\t\t\t\t<\/div>\n\t\t\t\t<\/div>\n\t\t\t\t\t<\/div>\n\t\t\t\t<\/div>\n\t\t<div class=\"elementor-element elementor-element-b84bc08 elementor-hidden-desktop elementor-hidden-mobile e-flex e-con-boxed e-con e-parent\" data-id=\"b84bc08\" data-element_type=\"container\" data-settings=\"{&quot;background_background&quot;:&quot;classic&quot;}\" data-core-v316-plus=\"true\">\n\t\t\t\t\t<div class=\"e-con-inner\">\n\t\t<div class=\"elementor-element elementor-element-b2e49ac e-flex e-con-boxed e-con e-child\" data-id=\"b2e49ac\" data-element_type=\"container\">\n\t\t\t\t\t<div class=\"e-con-inner\">\n\t\t\t\t<div class=\"elementor-element elementor-element-61daf2d elementor-widget elementor-widget-text-editor\" data-id=\"61daf2d\" data-element_type=\"widget\" data-widget_type=\"text-editor.default\">\n\t\t\t\t<div class=\"elementor-widget-container\">\n\t\t\t\t\t\t\tAlgumas iniciativas do <strong>Programa de Colabora\u00e7\u00e3o Acad\u00eamica Internacional<\/strong> incluem:\n<ul style=\"padding-left: 18px;\">\n \t<li>Programas de P\u00f3s-Gradua\u00e7\u00e3o Colaborativos Internacionais<\/li>\n \t<li>Projetos de Investiga\u00e7\u00e3o Colaborativos Internacionais<\/li>\n \t<li>Redes Acad\u00eamicas e de Investigac\u00e3o na Am\u00e9rica Latina<\/li>\n \t<li>Est\u00e1gios de estudo e de investiga\u00e7\u00e3o para professores-investigadores e estudantes na regi\u00e3o<\/li>\n \t<li>C\u00e1tedras de professores-investigadores visitantes<\/li>\n \t<li>Alian\u00e7as Acad\u00eamicas e Programas Colaborativos de Aprendizagem Digital com outras universidades a n\u00edvel nacional e internacional<\/li>\n \t<li>Publica\u00e7\u00f5es internacionais, especialmente digitais<\/li>\n \t<li>F\u00f3runs e col\u00f3quios internacionais que promovam a reflex\u00e3o sobre as identidades e as categorias da cultura, a pol\u00edtica e a religi\u00e3o constru\u00eddas nas sociedades latino-americanas<\/li>\n<\/ul>\n\t\t\t\t\t\t<\/div>\n\t\t\t\t<\/div>\n\t\t\t\t\t<\/div>\n\t\t\t\t<\/div>\n\t\t\t\t\t<\/div>\n\t\t\t\t<\/div>\n\t\t<div class=\"elementor-element elementor-element-eeb9d21 elementor-hidden-tablet e-flex e-con-boxed e-con e-parent\" data-id=\"eeb9d21\" data-element_type=\"container\" data-settings=\"{&quot;background_background&quot;:&quot;classic&quot;}\" data-core-v316-plus=\"true\">\n\t\t\t\t\t<div class=\"e-con-inner\">\n\t\t<div class=\"elementor-element elementor-element-f71df32 e-flex e-con-boxed e-con e-child\" data-id=\"f71df32\" data-element_type=\"container\">\n\t\t\t\t\t<div class=\"e-con-inner\">\n\t\t\t\t<div class=\"elementor-element elementor-element-1a58d00 elementor-widget elementor-widget-image\" data-id=\"1a58d00\" data-element_type=\"widget\" data-widget_type=\"image.default\">\n\t\t\t\t<div class=\"elementor-widget-container\">\n\t\t\t\t\t\t\t\t\t\t\t\t\t<img decoding=\"async\" width=\"706\" height=\"500\" src=\"https:\/\/pphr.org\/wp-content\/uploads\/2023\/11\/Volcan-de-Fuego-and-Milky-Way-NatGeo.jpg\" class=\"attachment-full size-full wp-image-627\" alt=\"\" srcset=\"https:\/\/pphr.org\/wp-content\/uploads\/2023\/11\/Volcan-de-Fuego-and-Milky-Way-NatGeo.jpg 706w, https:\/\/pphr.org\/wp-content\/uploads\/2023\/11\/Volcan-de-Fuego-and-Milky-Way-NatGeo-300x212.jpg 300w\" sizes=\"(max-width: 706px) 100vw, 706px\" style=\"width:100%;height:70.82%;max-width:706px\" \/>\t\t\t\t\t\t\t\t\t\t\t\t\t<\/div>\n\t\t\t\t<\/div>\n\t\t\t\t\t<\/div>\n\t\t\t\t<\/div>\n\t\t<div class=\"elementor-element elementor-element-c077c45 e-flex e-con-boxed e-con e-child\" data-id=\"c077c45\" data-element_type=\"container\">\n\t\t\t\t\t<div class=\"e-con-inner\">\n\t\t\t\t<div class=\"elementor-element elementor-element-66e3f37 elementor-widget elementor-widget-heading\" data-id=\"66e3f37\" data-element_type=\"widget\" data-widget_type=\"heading.default\">\n\t\t\t\t<div class=\"elementor-widget-container\">\n\t\t\t<h2 class=\"elementor-heading-title elementor-size-default\">Programa de Colabora\u00e7\u00e3o Acad\u00eamica Universit\u00e1ria da Am\u00e9rica Latina e Europa<\/h2>\t\t<\/div>\n\t\t\t\t<\/div>\n\t\t\t\t<div class=\"elementor-element elementor-element-4bf85dd elementor-widget elementor-widget-text-editor\" data-id=\"4bf85dd\" data-element_type=\"widget\" data-widget_type=\"text-editor.default\">\n\t\t\t\t<div class=\"elementor-widget-container\">\n\t\t\t\t\t\t\tO Programa Latino-Americano de P\u00f3s-Gradua\u00e7\u00e3o em Hist\u00f3ria das Religi\u00f5es (PPHR) possui um Curr\u00edculo \u00fanico, com cursos obrigat\u00f3rios comuns e cursos optativos parcialmente diferentes (propostas por cada sede acad\u00eamica e aprovadas pelo PPHR).Tanto os cursos obrigat\u00f3rios quanto os cursos optativos estar\u00e3o gradualmente dispon\u00edveis Online.Cada Programa de P\u00f3s-Gradua\u00e7\u00e3o participante do PPHR assume a responsabilidade de ministrar localmente en forma presencial 2 cursos quadrimestrais (4 cursos quadrimestrais cada ano):\n<ul style=\"padding-left: 18px;\">\n \t<li><span style=\"text-decoration: underline;\">Quadrimestres 1 e 2:<\/span> 2 cursos obrigat\u00f3rios [+ um Semin\u00e1rio Avan\u00e7ado de Investiga\u00e7\u00e3o (elabora\u00e7\u00e3o da Tese de Gradua\u00e7\u00e3o)]<\/li>\n \t<li><span style=\"text-decoration: underline;\">Quadrimestres 3 e 4:<\/span> 2 cursos optativos [+ um Semin\u00e1rio Avan\u00e7ado de Investiga\u00e7\u00e3o (elabora\u00e7\u00e3o da Tese de Gradua\u00e7\u00e3o)]<\/li>\n<\/ul>\n\t\t\t\t\t\t<\/div>\n\t\t\t\t<\/div>\n\t\t\t\t\t<\/div>\n\t\t\t\t<\/div>\n\t\t\t\t\t<\/div>\n\t\t\t\t<\/div>\n\t\t<div class=\"elementor-element elementor-element-822b008 elementor-hidden-desktop elementor-hidden-mobile e-flex e-con-boxed e-con e-parent\" data-id=\"822b008\" data-element_type=\"container\" data-settings=\"{&quot;background_background&quot;:&quot;classic&quot;}\" data-core-v316-plus=\"true\">\n\t\t\t\t\t<div class=\"e-con-inner\">\n\t\t<div class=\"elementor-element elementor-element-42375da e-flex e-con-boxed e-con e-child\" data-id=\"42375da\" data-element_type=\"container\">\n\t\t\t\t\t<div class=\"e-con-inner\">\n\t\t\t\t<div class=\"elementor-element elementor-element-81577a8 elementor-widget elementor-widget-image\" data-id=\"81577a8\" data-element_type=\"widget\" data-widget_type=\"image.default\">\n\t\t\t\t<div class=\"elementor-widget-container\">\n\t\t\t\t\t\t\t\t\t\t\t\t\t<img decoding=\"async\" width=\"706\" height=\"500\" src=\"https:\/\/pphr.org\/wp-content\/uploads\/2023\/11\/Volcan-de-Fuego-and-Milky-Way-NatGeo.jpg\" class=\"attachment-full size-full wp-image-627\" alt=\"\" srcset=\"https:\/\/pphr.org\/wp-content\/uploads\/2023\/11\/Volcan-de-Fuego-and-Milky-Way-NatGeo.jpg 706w, https:\/\/pphr.org\/wp-content\/uploads\/2023\/11\/Volcan-de-Fuego-and-Milky-Way-NatGeo-300x212.jpg 300w\" sizes=\"(max-width: 706px) 100vw, 706px\" style=\"width:100%;height:70.82%;max-width:706px\" \/>\t\t\t\t\t\t\t\t\t\t\t\t\t<\/div>\n\t\t\t\t<\/div>\n\t\t\t\t\t<\/div>\n\t\t\t\t<\/div>\n\t\t<div class=\"elementor-element elementor-element-36a353e e-flex e-con-boxed e-con e-child\" data-id=\"36a353e\" data-element_type=\"container\">\n\t\t\t\t\t<div class=\"e-con-inner\">\n\t\t\t\t<div class=\"elementor-element elementor-element-60856da elementor-widget elementor-widget-heading\" data-id=\"60856da\" data-element_type=\"widget\" data-widget_type=\"heading.default\">\n\t\t\t\t<div class=\"elementor-widget-container\">\n\t\t\t<h2 class=\"elementor-heading-title elementor-size-default\">Programa de Colabora\u00e7\u00e3o Acad\u00eamica Universit\u00e1ria da Am\u00e9rica Latina e Europa<\/h2>\t\t<\/div>\n\t\t\t\t<\/div>\n\t\t\t\t<div class=\"elementor-element elementor-element-d18f210 elementor-widget elementor-widget-text-editor\" data-id=\"d18f210\" data-element_type=\"widget\" data-widget_type=\"text-editor.default\">\n\t\t\t\t<div class=\"elementor-widget-container\">\n\t\t\t\t\t\t\tO Programa Latino-Americano de P\u00f3s-Gradua\u00e7\u00e3o em Hist\u00f3ria das Religi\u00f5es (PPHR) possui um Curr\u00edculo \u00fanico, com cursos obrigat\u00f3rios comuns e cursos optativos parcialmente diferentes (propostas por cada sede acad\u00eamica e aprovadas pelo PPHR).Tanto os cursos obrigat\u00f3rios quanto os cursos optativos estar\u00e3o gradualmente dispon\u00edveis Online.Cada Programa de P\u00f3s-Gradua\u00e7\u00e3o participante do PPHR assume a responsabilidade de ministrar localmente en forma presencial 2 cursos quadrimestrais (4 cursos quadrimestrais cada ano):\t\t\t\t\t\t<\/div>\n\t\t\t\t<\/div>\n\t\t\t\t\t<\/div>\n\t\t\t\t<\/div>\n\t\t\t\t\t<\/div>\n\t\t\t\t<\/div>\n\t\t<div class=\"elementor-element elementor-element-08298ba elementor-hidden-desktop elementor-hidden-mobile e-flex e-con-boxed e-con e-parent\" data-id=\"08298ba\" data-element_type=\"container\" data-settings=\"{&quot;background_background&quot;:&quot;classic&quot;}\" data-core-v316-plus=\"true\">\n\t\t\t\t\t<div class=\"e-con-inner\">\n\t\t<div class=\"elementor-element elementor-element-f24205e e-flex e-con-boxed e-con e-child\" data-id=\"f24205e\" data-element_type=\"container\">\n\t\t\t\t\t<div class=\"e-con-inner\">\n\t\t\t\t<div class=\"elementor-element elementor-element-c341e87 elementor-widget elementor-widget-text-editor\" data-id=\"c341e87\" data-element_type=\"widget\" data-widget_type=\"text-editor.default\">\n\t\t\t\t<div class=\"elementor-widget-container\">\n\t\t\t\t\t\t\t\n<ul style=\"padding-left: 18px;\">\n \t<li><span style=\"text-decoration: underline;\">Quadrimestres 1 e 2:<\/span> 2 cursos obrigat\u00f3rios [+ um Semin\u00e1rio Avan\u00e7ado de Investiga\u00e7\u00e3o (elabora\u00e7\u00e3o da Tese de Gradua\u00e7\u00e3o)]<\/li>\n \t<li><span style=\"text-decoration: underline;\">Quadrimestres 3 e 4:<\/span> 2 cursos optativos [+ um Semin\u00e1rio Avan\u00e7ado de Investiga\u00e7\u00e3o (elabora\u00e7\u00e3o da Tese de Gradua\u00e7\u00e3o)]<\/li>\n<\/ul>\n\t\t\t\t\t\t<\/div>\n\t\t\t\t<\/div>\n\t\t\t\t\t<\/div>\n\t\t\t\t<\/div>\n\t\t\t\t\t<\/div>\n\t\t\t\t<\/div>\n\t\t<div class=\"elementor-element elementor-element-21fbc07 e-flex e-con-boxed e-con e-parent\" data-id=\"21fbc07\" data-element_type=\"container\" data-settings=\"{&quot;background_background&quot;:&quot;classic&quot;}\" data-core-v316-plus=\"true\">\n\t\t\t\t\t<div class=\"e-con-inner\">\n\t\t\t\t<div class=\"elementor-element elementor-element-c400ac7 elementor-widget elementor-widget-text-editor\" data-id=\"c400ac7\" data-element_type=\"widget\" data-widget_type=\"text-editor.default\">\n\t\t\t\t<div class=\"elementor-widget-container\">\n\t\t\t\t\t\t\tCada Programa de P\u00f3s-Gradua\u00e7\u00e3o participante do PPHR decide quais cursos obrigat\u00f3rios (4) e quais cursos optativos (4) ser\u00e3o ministrados durante o per\u00edodo de 4 Quadrimestres do Programa de Mestrado (2 anos).Cada Programa de P\u00f3s-Gradua\u00e7\u00e3o participante do Programa de Colabora\u00e7\u00e3o Acad\u00eamica Universit\u00e1ria da Am\u00e9rica Latina e Europa assume a responsabilidade pelo componente acad\u00eamico local do PPHR, incluindo as Sess\u00f5es de Aprendizagem Presencial (8 cursos), e pela emiss\u00e3o e concess\u00e3o do Diploma de Mestrado correspondente.\t\t\t\t\t\t<\/div>\n\t\t\t\t<\/div>\n\t\t\t\t\t<\/div>\n\t\t\t\t<\/div>\n\t\t\t\t<\/div>\n\t\t","protected":false},"excerpt":{"rendered":"<p>de Colabora\u00e7\u00e3o Acad\u00eamica Internacional Programas de P\u00f3s-Gradua\u00e7\u00e3o e Projetos de Investiga\u00e7\u00e3o Colaborativos Internacionais Na Am\u00e9rica Latina, a maioria das institui\u00e7\u00f5es de ensino superior desempenham as suas atividades da mesma forma que o fizeram durante os \u00faltimos dois s\u00e9culos: olhando para dentro, focadas na dimens\u00e3o nacional, separadas umas das outras, sem v\u00ednculos org\u00e2nicos que as unam,&hellip; <a class=\"more-link\" href=\"https:\/\/pphr.org\/pb\/international-academic-collaboration\/\">Continuar lendo <span class=\"screen-reader-text\">International Academic Collaboration<\/span><\/a><\/p>\n","protected":false},"author":1,"featured_media":0,"parent":0,"menu_order":0,"comment_status":"closed","ping_status":"closed","template":"elementor_header_footer","meta":{"footnotes":""},"class_list":["post-220","page","type-page","status-publish","hentry","entry"],"_links":{"self":[{"href":"https:\/\/pphr.org\/pb\/wp-json\/wp\/v2\/pages\/220","targetHints":{"allow":["GET"]}}],"collection":[{"href":"https:\/\/pphr.org\/pb\/wp-json\/wp\/v2\/pages"}],"about":[{"href":"https:\/\/pphr.org\/pb\/wp-json\/wp\/v2\/types\/page"}],"author":[{"embeddable":true,"href":"https:\/\/pphr.org\/pb\/wp-json\/wp\/v2\/users\/1"}],"replies":[{"embeddable":true,"href":"https:\/\/pphr.org\/pb\/wp-json\/wp\/v2\/comments?post=220"}],"version-history":[{"count":47,"href":"https:\/\/pphr.org\/pb\/wp-json\/wp\/v2\/pages\/220\/revisions"}],"predecessor-version":[{"id":1100,"href":"https:\/\/pphr.org\/pb\/wp-json\/wp\/v2\/pages\/220\/revisions\/1100"}],"wp:attachment":[{"href":"https:\/\/pphr.org\/pb\/wp-json\/wp\/v2\/media?parent=220"}],"curies":[{"name":"wp","href":"https:\/\/api.w.org\/{rel}","templated":true}]}}