{"id":214,"date":"2023-11-14T09:12:09","date_gmt":"2023-11-14T09:12:09","guid":{"rendered":"http:\/\/localhost\/pphr\/?page_id=214"},"modified":"2023-11-24T11:46:11","modified_gmt":"2023-11-24T11:46:11","slug":"hybrid-digital-learning","status":"publish","type":"page","link":"https:\/\/pphr.org\/pb\/hybrid-digital-learning\/","title":{"rendered":"Hybrid Digital Learning"},"content":{"rendered":"\t\t<div data-elementor-type=\"wp-page\" data-elementor-id=\"214\" class=\"elementor elementor-214\" data-elementor-post-type=\"page\">\n\t\t\t\t<div class=\"elementor-element elementor-element-5dfcbce e-con-full elementor-hidden-tablet elementor-hidden-mobile e-flex e-con e-parent\" data-id=\"5dfcbce\" data-element_type=\"container\" data-settings=\"{&quot;background_background&quot;:&quot;classic&quot;}\" data-core-v316-plus=\"true\">\n\t\t<div class=\"elementor-element elementor-element-3d4bb55 e-con-full e-flex e-con e-child\" data-id=\"3d4bb55\" data-element_type=\"container\">\n\t\t\t\t<div class=\"elementor-element elementor-element-2f05e49 elementor-widget elementor-widget-theme-site-logo elementor-widget-image\" data-id=\"2f05e49\" data-element_type=\"widget\" data-widget_type=\"theme-site-logo.default\">\n\t\t\t\t<div class=\"elementor-widget-container\">\n\t\t\t<style>\/*! elementor - v3.20.0 - 26-03-2024 *\/\n.elementor-widget-image{text-align:center}.elementor-widget-image a{display:inline-block}.elementor-widget-image a img[src$=\".svg\"]{width:48px}.elementor-widget-image img{vertical-align:middle;display:inline-block}<\/style>\t\t\t\t\t<div class=\"elementor-image\">\n\t\t\t\t\t\t\t\t<a href=\"https:\/\/pphr.org\/pb\">\n\t\t\t<img fetchpriority=\"high\" decoding=\"async\" width=\"229\" height=\"221\" src=\"https:\/\/pphr.org\/wp-content\/uploads\/2023\/11\/logo-1.png\" class=\"attachment-full size-full wp-image-551\" alt=\"\" style=\"width:100%;height:96.51%;max-width:229px\" \/>\t\t\t\t<\/a>\n\t\t\t\t\t\t\t\t\t\t<\/div>\n\t\t\t\t\t\t<\/div>\n\t\t\t\t<\/div>\n\t\t\t\t<\/div>\n\t\t\t\t<\/div>\n\t\t<div class=\"elementor-element elementor-element-e46a7db e-con-full elementor-hidden-desktop e-flex e-con e-parent\" data-id=\"e46a7db\" data-element_type=\"container\" data-settings=\"{&quot;background_background&quot;:&quot;classic&quot;}\" data-core-v316-plus=\"true\">\n\t\t\t\t<\/div>\n\t\t<div class=\"elementor-element elementor-element-c82693f e-flex e-con-boxed e-con e-parent\" data-id=\"c82693f\" data-element_type=\"container\" data-settings=\"{&quot;background_background&quot;:&quot;classic&quot;}\" data-core-v316-plus=\"true\">\n\t\t\t\t\t<div class=\"e-con-inner\">\n\t\t\t\t<div class=\"elementor-element elementor-element-e2d1f9e elementor-widget elementor-widget-heading\" data-id=\"e2d1f9e\" data-element_type=\"widget\" data-widget_type=\"heading.default\">\n\t\t\t\t<div class=\"elementor-widget-container\">\n\t\t\t<style>\/*! elementor - v3.20.0 - 26-03-2024 *\/\n.elementor-heading-title{padding:0;margin:0;line-height:1}.elementor-widget-heading .elementor-heading-title[class*=elementor-size-]>a{color:inherit;font-size:inherit;line-height:inherit}.elementor-widget-heading .elementor-heading-title.elementor-size-small{font-size:15px}.elementor-widget-heading .elementor-heading-title.elementor-size-medium{font-size:19px}.elementor-widget-heading .elementor-heading-title.elementor-size-large{font-size:29px}.elementor-widget-heading .elementor-heading-title.elementor-size-xl{font-size:39px}.elementor-widget-heading .elementor-heading-title.elementor-size-xxl{font-size:59px}<\/style><h2 class=\"elementor-heading-title elementor-size-default\">Aprendizagem Digital H\u00edbrida na modalidade semipresencial<\/h2>\t\t<\/div>\n\t\t\t\t<\/div>\n\t\t\t\t\t<\/div>\n\t\t\t\t<\/div>\n\t\t<div class=\"elementor-element elementor-element-15769d8 elementor-hidden-tablet e-flex e-con-boxed e-con e-parent\" data-id=\"15769d8\" data-element_type=\"container\" data-settings=\"{&quot;background_background&quot;:&quot;classic&quot;}\" data-core-v316-plus=\"true\">\n\t\t\t\t\t<div class=\"e-con-inner\">\n\t\t<div class=\"elementor-element elementor-element-fbf6462 e-flex e-con-boxed e-con e-child\" data-id=\"fbf6462\" data-element_type=\"container\">\n\t\t\t\t\t<div class=\"e-con-inner\">\n\t\t\t\t<div class=\"elementor-element elementor-element-ea7d7e0 elementor-widget elementor-widget-heading\" data-id=\"ea7d7e0\" data-element_type=\"widget\" data-widget_type=\"heading.default\">\n\t\t\t\t<div class=\"elementor-widget-container\">\n\t\t\t<h2 class=\"elementor-heading-title elementor-size-default\">O PMHR ser\u00e1 ministrado com base no modelo de Aprendizagem Digital H\u00edbrida na modalidade semipresencial.<\/h2>\t\t<\/div>\n\t\t\t\t<\/div>\n\t\t\t\t<div class=\"elementor-element elementor-element-d496758 elementor-widget elementor-widget-text-editor\" data-id=\"d496758\" data-element_type=\"widget\" data-widget_type=\"text-editor.default\">\n\t\t\t\t<div class=\"elementor-widget-container\">\n\t\t\t<style>\/*! elementor - v3.20.0 - 26-03-2024 *\/\n.elementor-widget-text-editor.elementor-drop-cap-view-stacked .elementor-drop-cap{background-color:#69727d;color:#fff}.elementor-widget-text-editor.elementor-drop-cap-view-framed .elementor-drop-cap{color:#69727d;border:3px solid;background-color:transparent}.elementor-widget-text-editor:not(.elementor-drop-cap-view-default) .elementor-drop-cap{margin-top:8px}.elementor-widget-text-editor:not(.elementor-drop-cap-view-default) .elementor-drop-cap-letter{width:1em;height:1em}.elementor-widget-text-editor .elementor-drop-cap{float:left;text-align:center;line-height:1;font-size:50px}.elementor-widget-text-editor .elementor-drop-cap-letter{display:inline-block}<\/style>\t\t\t\tA Aprendizagem Digital H\u00edbrida \u00e9 um modelo de aprendizagem combinado que mistura m\u00e9todos de aprendizagem presencial com atividades de Aprendizagem Digital [eLearning] para formar uma abordagem integrada de aprendizagem.M\u00f3dulos da Aprendizagem Digital H\u00edbrida:\n<ul style=\"padding-left: 18px;\">\n \t<li>Sess\u00f5es de Aprendizagem Presencial (na aula) administradas por um professor-investigador<\/li>\n \t<li>Sess\u00f5es de Aprendizagem Online facilitadas por um professor-investigador, incluindo materiais de Aprendizagem Digital (cursos e v\u00eddeos -conte\u00fados e materiais curriculares-, apoios audiovisuais, materiais interativos)<\/li>\n \t<li>Tempo de estudo estruturado independente: leitura, investiga\u00e7\u00e3o, an\u00e1lise; com base nos conhecimentos e habilidades desenvolvidas durante a experi\u00eancia na aula e em materiais de Aprendizagem Digital<\/li>\n<\/ul>\n\t\t\t\t\t\t<\/div>\n\t\t\t\t<\/div>\n\t\t\t\t\t<\/div>\n\t\t\t\t<\/div>\n\t\t<div class=\"elementor-element elementor-element-af987d2 e-flex e-con-boxed e-con e-child\" data-id=\"af987d2\" data-element_type=\"container\">\n\t\t\t\t\t<div class=\"e-con-inner\">\n\t\t\t\t<div class=\"elementor-element elementor-element-f3c8971 elementor-widget elementor-widget-image\" data-id=\"f3c8971\" data-element_type=\"widget\" data-widget_type=\"image.default\">\n\t\t\t\t<div class=\"elementor-widget-container\">\n\t\t\t\t\t\t\t\t\t\t\t\t\t<img decoding=\"async\" width=\"1024\" height=\"761\" src=\"https:\/\/pphr.org\/wp-content\/uploads\/2023\/11\/Diamond-in-the-Sky-Total-Solar-Eclipse-Diamond-Ring-effect-Northern-Patagonia-Argentina-14-Dec.2020.jpg\" class=\"attachment-full size-full wp-image-1026\" alt=\"\" srcset=\"https:\/\/pphr.org\/wp-content\/uploads\/2023\/11\/Diamond-in-the-Sky-Total-Solar-Eclipse-Diamond-Ring-effect-Northern-Patagonia-Argentina-14-Dec.2020.jpg 1024w, https:\/\/pphr.org\/wp-content\/uploads\/2023\/11\/Diamond-in-the-Sky-Total-Solar-Eclipse-Diamond-Ring-effect-Northern-Patagonia-Argentina-14-Dec.2020-300x223.jpg 300w, https:\/\/pphr.org\/wp-content\/uploads\/2023\/11\/Diamond-in-the-Sky-Total-Solar-Eclipse-Diamond-Ring-effect-Northern-Patagonia-Argentina-14-Dec.2020-768x571.jpg 768w\" sizes=\"(max-width: 1024px) 100vw, 1024px\" style=\"width:100%;height:74.32%;max-width:1024px\" \/>\t\t\t\t\t\t\t\t\t\t\t\t\t<\/div>\n\t\t\t\t<\/div>\n\t\t\t\t\t<\/div>\n\t\t\t\t<\/div>\n\t\t\t\t\t<\/div>\n\t\t\t\t<\/div>\n\t\t<div class=\"elementor-element elementor-element-a53c40d elementor-hidden-desktop elementor-hidden-mobile e-flex e-con-boxed e-con e-parent\" data-id=\"a53c40d\" data-element_type=\"container\" data-settings=\"{&quot;background_background&quot;:&quot;classic&quot;}\" data-core-v316-plus=\"true\">\n\t\t\t\t\t<div class=\"e-con-inner\">\n\t\t<div class=\"elementor-element elementor-element-b05af65 e-flex e-con-boxed e-con e-child\" data-id=\"b05af65\" data-element_type=\"container\">\n\t\t\t\t\t<div class=\"e-con-inner\">\n\t\t\t\t<div class=\"elementor-element elementor-element-79932ed elementor-widget elementor-widget-heading\" data-id=\"79932ed\" data-element_type=\"widget\" data-widget_type=\"heading.default\">\n\t\t\t\t<div class=\"elementor-widget-container\">\n\t\t\t<h2 class=\"elementor-heading-title elementor-size-default\">O PMHR ser\u00e1 ministrado com base no modelo de Aprendizagem Digital H\u00edbrida na modalidade semipresencial.<\/h2>\t\t<\/div>\n\t\t\t\t<\/div>\n\t\t\t\t<div class=\"elementor-element elementor-element-37b839f elementor-widget elementor-widget-text-editor\" data-id=\"37b839f\" data-element_type=\"widget\" data-widget_type=\"text-editor.default\">\n\t\t\t\t<div class=\"elementor-widget-container\">\n\t\t\t\t\t\t\tA Aprendizagem Digital H\u00edbrida \u00e9 um modelo de aprendizagem combinado que mistura m\u00e9todos de aprendizagem presencial com atividades de Aprendizagem Digital [eLearning] para formar uma abordagem integrada de aprendizagem.\t\t\t\t\t\t<\/div>\n\t\t\t\t<\/div>\n\t\t\t\t\t<\/div>\n\t\t\t\t<\/div>\n\t\t<div class=\"elementor-element elementor-element-c132ef1 e-flex e-con-boxed e-con e-child\" data-id=\"c132ef1\" data-element_type=\"container\">\n\t\t\t\t\t<div class=\"e-con-inner\">\n\t\t\t\t<div class=\"elementor-element elementor-element-651e0f2 elementor-widget elementor-widget-image\" data-id=\"651e0f2\" data-element_type=\"widget\" data-widget_type=\"image.default\">\n\t\t\t\t<div class=\"elementor-widget-container\">\n\t\t\t\t\t\t\t\t\t\t\t\t\t<img decoding=\"async\" width=\"1024\" height=\"761\" src=\"https:\/\/pphr.org\/wp-content\/uploads\/2023\/11\/Diamond-in-the-Sky-Total-Solar-Eclipse-Diamond-Ring-effect-Northern-Patagonia-Argentina-14-Dec.2020.jpg\" class=\"attachment-full size-full wp-image-1026\" alt=\"\" srcset=\"https:\/\/pphr.org\/wp-content\/uploads\/2023\/11\/Diamond-in-the-Sky-Total-Solar-Eclipse-Diamond-Ring-effect-Northern-Patagonia-Argentina-14-Dec.2020.jpg 1024w, https:\/\/pphr.org\/wp-content\/uploads\/2023\/11\/Diamond-in-the-Sky-Total-Solar-Eclipse-Diamond-Ring-effect-Northern-Patagonia-Argentina-14-Dec.2020-300x223.jpg 300w, https:\/\/pphr.org\/wp-content\/uploads\/2023\/11\/Diamond-in-the-Sky-Total-Solar-Eclipse-Diamond-Ring-effect-Northern-Patagonia-Argentina-14-Dec.2020-768x571.jpg 768w\" sizes=\"(max-width: 1024px) 100vw, 1024px\" style=\"width:100%;height:74.32%;max-width:1024px\" \/>\t\t\t\t\t\t\t\t\t\t\t\t\t<\/div>\n\t\t\t\t<\/div>\n\t\t\t\t\t<\/div>\n\t\t\t\t<\/div>\n\t\t\t\t\t<\/div>\n\t\t\t\t<\/div>\n\t\t<div class=\"elementor-element elementor-element-d905f9f elementor-hidden-desktop elementor-hidden-mobile e-flex e-con-boxed e-con e-parent\" data-id=\"d905f9f\" data-element_type=\"container\" data-settings=\"{&quot;background_background&quot;:&quot;classic&quot;}\" data-core-v316-plus=\"true\">\n\t\t\t\t\t<div class=\"e-con-inner\">\n\t\t<div class=\"elementor-element elementor-element-9544fe1 e-flex e-con-boxed e-con e-child\" data-id=\"9544fe1\" data-element_type=\"container\">\n\t\t\t\t\t<div class=\"e-con-inner\">\n\t\t\t\t<div class=\"elementor-element elementor-element-7ff9286 elementor-widget elementor-widget-text-editor\" data-id=\"7ff9286\" data-element_type=\"widget\" data-widget_type=\"text-editor.default\">\n\t\t\t\t<div class=\"elementor-widget-container\">\n\t\t\t\t\t\t\tM\u00f3dulos da Aprendizagem Digital H\u00edbrida:\n<ul style=\"padding-left: 18px;\">\n \t<li>Sess\u00f5es de Aprendizagem Presencial (na aula) administradas por um professor-investigador<\/li>\n \t<li>Sess\u00f5es de Aprendizagem Online facilitadas por um professor-investigador, incluindo materiais de Aprendizagem Digital (cursos e v\u00eddeos -conte\u00fados e materiais curriculares-, apoios audiovisuais, materiais interativos)<\/li>\n \t<li>Tempo de estudo estruturado independente: leitura, investiga\u00e7\u00e3o, an\u00e1lise; com base nos conhecimentos e habilidades desenvolvidas durante a experi\u00eancia na aula e em materiais de Aprendizagem Digital<\/li>\n<\/ul>\n\t\t\t\t\t\t<\/div>\n\t\t\t\t<\/div>\n\t\t\t\t\t<\/div>\n\t\t\t\t<\/div>\n\t\t\t\t\t<\/div>\n\t\t\t\t<\/div>\n\t\t\t\t<\/div>\n\t\t","protected":false},"excerpt":{"rendered":"<p>Aprendizagem Digital H\u00edbrida na modalidade semipresencial O PMHR ser\u00e1 ministrado com base no modelo de Aprendizagem Digital H\u00edbrida na modalidade semipresencial. A Aprendizagem Digital H\u00edbrida \u00e9 um modelo de aprendizagem combinado que mistura m\u00e9todos de aprendizagem presencial com atividades de Aprendizagem Digital [eLearning] para formar uma abordagem integrada de aprendizagem.M\u00f3dulos da Aprendizagem Digital H\u00edbrida: Sess\u00f5es&hellip; <a class=\"more-link\" href=\"https:\/\/pphr.org\/pb\/hybrid-digital-learning\/\">Continuar lendo <span class=\"screen-reader-text\">Hybrid Digital Learning<\/span><\/a><\/p>\n","protected":false},"author":1,"featured_media":0,"parent":0,"menu_order":0,"comment_status":"closed","ping_status":"closed","template":"elementor_header_footer","meta":{"footnotes":""},"class_list":["post-214","page","type-page","status-publish","hentry","entry"],"_links":{"self":[{"href":"https:\/\/pphr.org\/pb\/wp-json\/wp\/v2\/pages\/214","targetHints":{"allow":["GET"]}}],"collection":[{"href":"https:\/\/pphr.org\/pb\/wp-json\/wp\/v2\/pages"}],"about":[{"href":"https:\/\/pphr.org\/pb\/wp-json\/wp\/v2\/types\/page"}],"author":[{"embeddable":true,"href":"https:\/\/pphr.org\/pb\/wp-json\/wp\/v2\/users\/1"}],"replies":[{"embeddable":true,"href":"https:\/\/pphr.org\/pb\/wp-json\/wp\/v2\/comments?post=214"}],"version-history":[{"count":58,"href":"https:\/\/pphr.org\/pb\/wp-json\/wp\/v2\/pages\/214\/revisions"}],"predecessor-version":[{"id":1093,"href":"https:\/\/pphr.org\/pb\/wp-json\/wp\/v2\/pages\/214\/revisions\/1093"}],"wp:attachment":[{"href":"https:\/\/pphr.org\/pb\/wp-json\/wp\/v2\/media?parent=214"}],"curies":[{"name":"wp","href":"https:\/\/api.w.org\/{rel}","templated":true}]}}