{"id":204,"date":"2023-11-14T08:14:53","date_gmt":"2023-11-14T08:14:53","guid":{"rendered":"http:\/\/localhost\/pphr\/?page_id=204"},"modified":"2023-11-24T11:37:19","modified_gmt":"2023-11-24T11:37:19","slug":"phases-structure","status":"publish","type":"page","link":"https:\/\/pphr.org\/pb\/phases-structure\/","title":{"rendered":"Phases &amp; Structure"},"content":{"rendered":"\t\t<div data-elementor-type=\"wp-page\" data-elementor-id=\"204\" class=\"elementor elementor-204\" data-elementor-post-type=\"page\">\n\t\t\t\t<div class=\"elementor-element elementor-element-0eb599b e-con-full elementor-hidden-tablet elementor-hidden-mobile e-flex e-con e-parent\" data-id=\"0eb599b\" data-element_type=\"container\" data-settings=\"{&quot;background_background&quot;:&quot;classic&quot;}\" data-core-v316-plus=\"true\">\n\t\t<div class=\"elementor-element elementor-element-35011b0 e-con-full e-flex e-con e-child\" data-id=\"35011b0\" data-element_type=\"container\">\n\t\t\t\t<div class=\"elementor-element elementor-element-cd21c9e elementor-widget elementor-widget-theme-site-logo elementor-widget-image\" data-id=\"cd21c9e\" data-element_type=\"widget\" data-widget_type=\"theme-site-logo.default\">\n\t\t\t\t<div class=\"elementor-widget-container\">\n\t\t\t<style>\/*! elementor - v3.20.0 - 26-03-2024 *\/\n.elementor-widget-image{text-align:center}.elementor-widget-image a{display:inline-block}.elementor-widget-image a img[src$=\".svg\"]{width:48px}.elementor-widget-image img{vertical-align:middle;display:inline-block}<\/style>\t\t\t\t\t<div class=\"elementor-image\">\n\t\t\t\t\t\t\t\t<a href=\"https:\/\/pphr.org\/pb\">\n\t\t\t<img fetchpriority=\"high\" decoding=\"async\" width=\"229\" height=\"221\" src=\"https:\/\/pphr.org\/wp-content\/uploads\/2023\/11\/logo-1.png\" class=\"attachment-full size-full wp-image-551\" alt=\"\" style=\"width:100%;height:96.51%;max-width:229px\" \/>\t\t\t\t<\/a>\n\t\t\t\t\t\t\t\t\t\t<\/div>\n\t\t\t\t\t\t<\/div>\n\t\t\t\t<\/div>\n\t\t\t\t<\/div>\n\t\t\t\t<\/div>\n\t\t<div class=\"elementor-element elementor-element-e15bcf7 e-con-full elementor-hidden-desktop e-flex e-con e-parent\" data-id=\"e15bcf7\" data-element_type=\"container\" data-settings=\"{&quot;background_background&quot;:&quot;classic&quot;}\" data-core-v316-plus=\"true\">\n\t\t\t\t<\/div>\n\t\t<div class=\"elementor-element elementor-element-30df195 e-flex e-con-boxed e-con e-parent\" data-id=\"30df195\" data-element_type=\"container\" data-settings=\"{&quot;background_background&quot;:&quot;classic&quot;}\" data-core-v316-plus=\"true\">\n\t\t\t\t\t<div class=\"e-con-inner\">\n\t\t\t\t<div class=\"elementor-element elementor-element-b66e29a elementor-widget elementor-widget-heading\" data-id=\"b66e29a\" data-element_type=\"widget\" data-widget_type=\"heading.default\">\n\t\t\t\t<div class=\"elementor-widget-container\">\n\t\t\t<style>\/*! elementor - v3.20.0 - 26-03-2024 *\/\n.elementor-heading-title{padding:0;margin:0;line-height:1}.elementor-widget-heading .elementor-heading-title[class*=elementor-size-]>a{color:inherit;font-size:inherit;line-height:inherit}.elementor-widget-heading .elementor-heading-title.elementor-size-small{font-size:15px}.elementor-widget-heading .elementor-heading-title.elementor-size-medium{font-size:19px}.elementor-widget-heading .elementor-heading-title.elementor-size-large{font-size:29px}.elementor-widget-heading .elementor-heading-title.elementor-size-xl{font-size:39px}.elementor-widget-heading .elementor-heading-title.elementor-size-xxl{font-size:59px}<\/style><h2 class=\"elementor-heading-title elementor-size-default\">Fases e Estrutura do Programa <span style=\"color: #f0ad00\">Latino-Americano de P\u00f3s-Gradua\u00e7\u00e3o<\/span> em Hist\u00f3ria das Religi\u00f5es<\/h2>\t\t<\/div>\n\t\t\t\t<\/div>\n\t\t\t\t\t<\/div>\n\t\t\t\t<\/div>\n\t\t<div class=\"elementor-element elementor-element-5df1c04 elementor-hidden-tablet e-flex e-con-boxed e-con e-parent\" data-id=\"5df1c04\" data-element_type=\"container\" data-settings=\"{&quot;background_background&quot;:&quot;classic&quot;}\" data-core-v316-plus=\"true\">\n\t\t\t\t\t<div class=\"e-con-inner\">\n\t\t<div class=\"elementor-element elementor-element-68ee6df e-flex e-con-boxed e-con e-child\" data-id=\"68ee6df\" data-element_type=\"container\">\n\t\t\t\t\t<div class=\"e-con-inner\">\n\t\t\t\t<div class=\"elementor-element elementor-element-be00411 elementor-widget elementor-widget-heading\" data-id=\"be00411\" data-element_type=\"widget\" data-widget_type=\"heading.default\">\n\t\t\t\t<div class=\"elementor-widget-container\">\n\t\t\t<h2 class=\"elementor-heading-title elementor-size-default\">Fases do Programa Latino-Americano de P\u00f3s-Gradua\u00e7\u00e3o em Hist\u00f3ria das Religi\u00f5es<\/h2>\t\t<\/div>\n\t\t\t\t<\/div>\n\t\t\t\t<div class=\"elementor-element elementor-element-7123154 elementor-widget elementor-widget-text-editor\" data-id=\"7123154\" data-element_type=\"widget\" data-widget_type=\"text-editor.default\">\n\t\t\t\t<div class=\"elementor-widget-container\">\n\t\t\t<style>\/*! elementor - v3.20.0 - 26-03-2024 *\/\n.elementor-widget-text-editor.elementor-drop-cap-view-stacked .elementor-drop-cap{background-color:#69727d;color:#fff}.elementor-widget-text-editor.elementor-drop-cap-view-framed .elementor-drop-cap{color:#69727d;border:3px solid;background-color:transparent}.elementor-widget-text-editor:not(.elementor-drop-cap-view-default) .elementor-drop-cap{margin-top:8px}.elementor-widget-text-editor:not(.elementor-drop-cap-view-default) .elementor-drop-cap-letter{width:1em;height:1em}.elementor-widget-text-editor .elementor-drop-cap{float:left;text-align:center;line-height:1;font-size:50px}.elementor-widget-text-editor .elementor-drop-cap-letter{display:inline-block}<\/style>\t\t\t\tO Programa Latino-Americano de P\u00f3s-gradua\u00e7\u00e3o em Hist\u00f3ria das Religi\u00f5es (PPHR) \u00e9 composto de duas fases:\n<ul style=\"padding-left: 18px;\">\n \t<li><strong>Fase 1<\/strong> (Janeiro 2026): o Programa Latino-Americano de <strong>Mestrado<\/strong> em Hist\u00f3ria das Religi\u00f5es <strong>(PMHR)<\/strong><\/li>\n \t<li><strong>Fase 2<\/strong> (Janeiro 2028): o Programa Latino-Americano de <strong>Doutorado<\/strong> Hist\u00f3ria das Religi\u00f5es <strong>(PDHR)<\/strong><\/li>\n<\/ul>\n\t\t\t\t\t\t<\/div>\n\t\t\t\t<\/div>\n\t\t\t\t\t<\/div>\n\t\t\t\t<\/div>\n\t\t<div class=\"elementor-element elementor-element-9f1180a e-flex e-con-boxed e-con e-child\" data-id=\"9f1180a\" data-element_type=\"container\">\n\t\t\t\t\t<div class=\"e-con-inner\">\n\t\t\t\t<div class=\"elementor-element elementor-element-60d2071 elementor-widget elementor-widget-image\" data-id=\"60d2071\" data-element_type=\"widget\" data-widget_type=\"image.default\">\n\t\t\t\t<div class=\"elementor-widget-container\">\n\t\t\t\t\t\t\t\t\t\t\t\t\t<img decoding=\"async\" width=\"628\" height=\"378\" src=\"https:\/\/pphr.org\/wp-content\/uploads\/2023\/11\/The-Great-Sphinx-Khafre-and-Khufu-Cheops-Pyramids-Summer-Solstice.jpg\" class=\"attachment-full size-full wp-image-594\" alt=\"\" srcset=\"https:\/\/pphr.org\/wp-content\/uploads\/2023\/11\/The-Great-Sphinx-Khafre-and-Khufu-Cheops-Pyramids-Summer-Solstice.jpg 628w, https:\/\/pphr.org\/wp-content\/uploads\/2023\/11\/The-Great-Sphinx-Khafre-and-Khufu-Cheops-Pyramids-Summer-Solstice-300x181.jpg 300w\" sizes=\"(max-width: 628px) 100vw, 628px\" style=\"width:100%;height:60.19%;max-width:628px\" \/>\t\t\t\t\t\t\t\t\t\t\t\t\t<\/div>\n\t\t\t\t<\/div>\n\t\t\t\t\t<\/div>\n\t\t\t\t<\/div>\n\t\t\t\t\t<\/div>\n\t\t\t\t<\/div>\n\t\t<div class=\"elementor-element elementor-element-485914a elementor-hidden-desktop elementor-hidden-mobile e-flex e-con-boxed e-con e-parent\" data-id=\"485914a\" data-element_type=\"container\" data-settings=\"{&quot;background_background&quot;:&quot;classic&quot;}\" data-core-v316-plus=\"true\">\n\t\t\t\t\t<div class=\"e-con-inner\">\n\t\t<div class=\"elementor-element elementor-element-26706e2 e-flex e-con-boxed e-con e-child\" data-id=\"26706e2\" data-element_type=\"container\">\n\t\t\t\t\t<div class=\"e-con-inner\">\n\t\t\t\t<div class=\"elementor-element elementor-element-f2f0193 elementor-widget elementor-widget-heading\" data-id=\"f2f0193\" data-element_type=\"widget\" data-widget_type=\"heading.default\">\n\t\t\t\t<div class=\"elementor-widget-container\">\n\t\t\t<h2 class=\"elementor-heading-title elementor-size-default\">Fases do Programa Latino-Americano de P\u00f3s-Gradua\u00e7\u00e3o em Hist\u00f3ria das Religi\u00f5es<\/h2>\t\t<\/div>\n\t\t\t\t<\/div>\n\t\t\t\t<div class=\"elementor-element elementor-element-5326cd0 elementor-widget elementor-widget-text-editor\" data-id=\"5326cd0\" data-element_type=\"widget\" data-widget_type=\"text-editor.default\">\n\t\t\t\t<div class=\"elementor-widget-container\">\n\t\t\t\t\t\t\tO Programa Latino-Americano de P\u00f3s-gradua\u00e7\u00e3o em Hist\u00f3ria das Religi\u00f5es (PPHR) \u00e9 composto de duas fases:\t\t\t\t\t\t<\/div>\n\t\t\t\t<\/div>\n\t\t\t\t\t<\/div>\n\t\t\t\t<\/div>\n\t\t<div class=\"elementor-element elementor-element-590f2bf e-flex e-con-boxed e-con e-child\" data-id=\"590f2bf\" data-element_type=\"container\">\n\t\t\t\t\t<div class=\"e-con-inner\">\n\t\t\t\t<div class=\"elementor-element elementor-element-680486c elementor-widget elementor-widget-image\" data-id=\"680486c\" data-element_type=\"widget\" data-widget_type=\"image.default\">\n\t\t\t\t<div class=\"elementor-widget-container\">\n\t\t\t\t\t\t\t\t\t\t\t\t\t<img decoding=\"async\" width=\"628\" height=\"378\" src=\"https:\/\/pphr.org\/wp-content\/uploads\/2023\/11\/The-Great-Sphinx-Khafre-and-Khufu-Cheops-Pyramids-Summer-Solstice.jpg\" class=\"attachment-full size-full wp-image-594\" alt=\"\" srcset=\"https:\/\/pphr.org\/wp-content\/uploads\/2023\/11\/The-Great-Sphinx-Khafre-and-Khufu-Cheops-Pyramids-Summer-Solstice.jpg 628w, https:\/\/pphr.org\/wp-content\/uploads\/2023\/11\/The-Great-Sphinx-Khafre-and-Khufu-Cheops-Pyramids-Summer-Solstice-300x181.jpg 300w\" sizes=\"(max-width: 628px) 100vw, 628px\" style=\"width:100%;height:60.19%;max-width:628px\" \/>\t\t\t\t\t\t\t\t\t\t\t\t\t<\/div>\n\t\t\t\t<\/div>\n\t\t\t\t\t<\/div>\n\t\t\t\t<\/div>\n\t\t\t\t\t<\/div>\n\t\t\t\t<\/div>\n\t\t<div class=\"elementor-element elementor-element-0175714 elementor-hidden-desktop elementor-hidden-mobile e-flex e-con-boxed e-con e-parent\" data-id=\"0175714\" data-element_type=\"container\" data-settings=\"{&quot;background_background&quot;:&quot;classic&quot;}\" data-core-v316-plus=\"true\">\n\t\t\t\t\t<div class=\"e-con-inner\">\n\t\t<div class=\"elementor-element elementor-element-ae2660c e-flex e-con-boxed e-con e-child\" data-id=\"ae2660c\" data-element_type=\"container\">\n\t\t\t\t\t<div class=\"e-con-inner\">\n\t\t\t\t<div class=\"elementor-element elementor-element-2f3a5b0 elementor-widget elementor-widget-text-editor\" data-id=\"2f3a5b0\" data-element_type=\"widget\" data-widget_type=\"text-editor.default\">\n\t\t\t\t<div class=\"elementor-widget-container\">\n\t\t\t\t\t\t\t\n<ul style=\"padding-left: 18px;\">\n \t<li><strong>Phase 1<\/strong> (January 2026): the Latin American <strong>Master&#8217;s<\/strong> Programme in History of Religions <strong>(MPHR)<\/strong><\/li>\n \t<li><strong>Phase 2<\/strong> (January 2028): the Latin American <strong>Doctoral<\/strong> Programme in History of Religions <strong>(DPHR)<\/strong><\/li>\n<\/ul>\n\t\t\t\t\t\t<\/div>\n\t\t\t\t<\/div>\n\t\t\t\t\t<\/div>\n\t\t\t\t<\/div>\n\t\t\t\t\t<\/div>\n\t\t\t\t<\/div>\n\t\t<div class=\"elementor-element elementor-element-f0d882a elementor-hidden-tablet e-flex e-con-boxed e-con e-parent\" data-id=\"f0d882a\" data-element_type=\"container\" data-settings=\"{&quot;background_background&quot;:&quot;classic&quot;}\" data-core-v316-plus=\"true\">\n\t\t\t\t\t<div class=\"e-con-inner\">\n\t\t<div class=\"elementor-element elementor-element-51fa7ca e-flex e-con-boxed e-con e-child\" data-id=\"51fa7ca\" data-element_type=\"container\">\n\t\t\t\t\t<div class=\"e-con-inner\">\n\t\t\t\t<div class=\"elementor-element elementor-element-377a0d2 elementor-widget elementor-widget-image\" data-id=\"377a0d2\" data-element_type=\"widget\" data-widget_type=\"image.default\">\n\t\t\t\t<div class=\"elementor-widget-container\">\n\t\t\t\t\t\t\t\t\t\t\t\t\t<img decoding=\"async\" width=\"2235\" height=\"2378\" src=\"https:\/\/pphr.org\/wp-content\/uploads\/2023\/11\/Chartres-Nov.2018.jpg\" class=\"attachment-full size-full wp-image-583\" alt=\"\" srcset=\"https:\/\/pphr.org\/wp-content\/uploads\/2023\/11\/Chartres-Nov.2018.jpg 2235w, https:\/\/pphr.org\/wp-content\/uploads\/2023\/11\/Chartres-Nov.2018-282x300.jpg 282w, https:\/\/pphr.org\/wp-content\/uploads\/2023\/11\/Chartres-Nov.2018-962x1024.jpg 962w, https:\/\/pphr.org\/wp-content\/uploads\/2023\/11\/Chartres-Nov.2018-768x817.jpg 768w, https:\/\/pphr.org\/wp-content\/uploads\/2023\/11\/Chartres-Nov.2018-1444x1536.jpg 1444w, https:\/\/pphr.org\/wp-content\/uploads\/2023\/11\/Chartres-Nov.2018-1925x2048.jpg 1925w, https:\/\/pphr.org\/wp-content\/uploads\/2023\/11\/Chartres-Nov.2018-1568x1668.jpg 1568w\" sizes=\"(max-width: 2235px) 100vw, 2235px\" style=\"width:100%;height:106.4%;max-width:2235px\" \/>\t\t\t\t\t\t\t\t\t\t\t\t\t<\/div>\n\t\t\t\t<\/div>\n\t\t\t\t\t<\/div>\n\t\t\t\t<\/div>\n\t\t<div class=\"elementor-element elementor-element-2517428 e-flex e-con-boxed e-con e-child\" data-id=\"2517428\" data-element_type=\"container\">\n\t\t\t\t\t<div class=\"e-con-inner\">\n\t\t\t\t<div class=\"elementor-element elementor-element-0de6683 elementor-widget elementor-widget-heading\" data-id=\"0de6683\" data-element_type=\"widget\" data-widget_type=\"heading.default\">\n\t\t\t\t<div class=\"elementor-widget-container\">\n\t\t\t<h2 class=\"elementor-heading-title elementor-size-default\">Estrutura do Programa Latino-Americano de Mestrado em Hist\u00f3ria das Religi\u00f5es (PMHR)<\/h2>\t\t<\/div>\n\t\t\t\t<\/div>\n\t\t\t\t<div class=\"elementor-element elementor-element-c6c46dd elementor-widget elementor-widget-text-editor\" data-id=\"c6c46dd\" data-element_type=\"widget\" data-widget_type=\"text-editor.default\">\n\t\t\t\t<div class=\"elementor-widget-container\">\n\t\t\t\t\t\t\tO Programa Latino-Americano de Mestrado em Hist\u00f3ria das Religi\u00f5es (PMHR) est\u00e1 estruturado com base em:\n<ul style=\"padding-left: 18px;\">\n \t<li>Aprendizagem Ativa, Cr\u00edtica, Colaborativa e Transdisciplinar (AACCT)<\/li>\n \t<li><strong>Aprendizagem Digital H\u00edbrida [B-Learning]<\/strong><\/li>\n \t<li><strong>Dura\u00e7\u00e3o<\/strong> do Programa de Mestrado: 4 Quadrimestres<\/li>\n \t<li><strong>Dedica\u00e7\u00e3o de tempo:<\/strong> os Estudantes do Programa de Mestrado devem se comprometer formalmente a ter uma dedica\u00e7\u00e3o de tempo completa<\/li>\n \t<li><strong>Prazo m\u00e1ximo para concluir os estudos: <\/strong>seis Quadrimestres acad\u00eamicos consecutivos (3 anos)<\/li>\n \t<li><strong>Cursos Proped\u00eauticos quadrimestrais<\/strong> (introdut\u00f3rios):\n<ul style=\"padding-left: 18px; list-style-type: disc!important;\">\n \t<li>Ci\u00eancia, sociedade, estado e religi\u00e3o [Aprendizagem Digital]<\/li>\n \t<li>Idioma ingl\u00eas (intermedi\u00e1rio\/avan\u00e7ado)<\/li>\n<\/ul>\n<\/li>\n<\/ul>\n\t\t\t\t\t\t<\/div>\n\t\t\t\t<\/div>\n\t\t\t\t\t<\/div>\n\t\t\t\t<\/div>\n\t\t\t\t\t<\/div>\n\t\t\t\t<\/div>\n\t\t<div class=\"elementor-element elementor-element-d7a99f0 elementor-hidden-desktop elementor-hidden-mobile e-flex e-con-boxed e-con e-parent\" data-id=\"d7a99f0\" data-element_type=\"container\" data-settings=\"{&quot;background_background&quot;:&quot;classic&quot;}\" data-core-v316-plus=\"true\">\n\t\t\t\t\t<div class=\"e-con-inner\">\n\t\t<div class=\"elementor-element elementor-element-3997baf e-flex e-con-boxed e-con e-child\" data-id=\"3997baf\" data-element_type=\"container\">\n\t\t\t\t\t<div class=\"e-con-inner\">\n\t\t\t\t<div class=\"elementor-element elementor-element-0a27c1c elementor-widget elementor-widget-image\" data-id=\"0a27c1c\" data-element_type=\"widget\" data-widget_type=\"image.default\">\n\t\t\t\t<div class=\"elementor-widget-container\">\n\t\t\t\t\t\t\t\t\t\t\t\t\t<img decoding=\"async\" width=\"2235\" height=\"2378\" src=\"https:\/\/pphr.org\/wp-content\/uploads\/2023\/11\/Chartres-Nov.2018.jpg\" class=\"attachment-full size-full wp-image-583\" alt=\"\" srcset=\"https:\/\/pphr.org\/wp-content\/uploads\/2023\/11\/Chartres-Nov.2018.jpg 2235w, https:\/\/pphr.org\/wp-content\/uploads\/2023\/11\/Chartres-Nov.2018-282x300.jpg 282w, https:\/\/pphr.org\/wp-content\/uploads\/2023\/11\/Chartres-Nov.2018-962x1024.jpg 962w, https:\/\/pphr.org\/wp-content\/uploads\/2023\/11\/Chartres-Nov.2018-768x817.jpg 768w, https:\/\/pphr.org\/wp-content\/uploads\/2023\/11\/Chartres-Nov.2018-1444x1536.jpg 1444w, https:\/\/pphr.org\/wp-content\/uploads\/2023\/11\/Chartres-Nov.2018-1925x2048.jpg 1925w, https:\/\/pphr.org\/wp-content\/uploads\/2023\/11\/Chartres-Nov.2018-1568x1668.jpg 1568w\" sizes=\"(max-width: 2235px) 100vw, 2235px\" style=\"width:100%;height:106.4%;max-width:2235px\" \/>\t\t\t\t\t\t\t\t\t\t\t\t\t<\/div>\n\t\t\t\t<\/div>\n\t\t\t\t\t<\/div>\n\t\t\t\t<\/div>\n\t\t<div class=\"elementor-element elementor-element-41baf4e e-flex e-con-boxed e-con e-child\" data-id=\"41baf4e\" data-element_type=\"container\">\n\t\t\t\t\t<div class=\"e-con-inner\">\n\t\t\t\t<div class=\"elementor-element elementor-element-b0f777f elementor-widget elementor-widget-heading\" data-id=\"b0f777f\" data-element_type=\"widget\" data-widget_type=\"heading.default\">\n\t\t\t\t<div class=\"elementor-widget-container\">\n\t\t\t<h2 class=\"elementor-heading-title elementor-size-default\">Estrutura do Programa Latino-Americano de Mestrado em Hist\u00f3ria das Religi\u00f5es (PMHR)<\/h2>\t\t<\/div>\n\t\t\t\t<\/div>\n\t\t\t\t<div class=\"elementor-element elementor-element-b517f21 elementor-widget elementor-widget-text-editor\" data-id=\"b517f21\" data-element_type=\"widget\" data-widget_type=\"text-editor.default\">\n\t\t\t\t<div class=\"elementor-widget-container\">\n\t\t\t\t\t\t\tO Programa Latino-Americano de Mestrado em Hist\u00f3ria das Religi\u00f5es (PMHR) est\u00e1 estruturado com base em:\n<ul style=\"padding-left: 18px;\">\n \t<li>Aprendizagem Ativa, Cr\u00edtica, Colaborativa e Transdisciplinar (AACCT)<\/li>\n \t<li><strong>Aprendizagem Digital H\u00edbrida [B-Learning]<\/strong><\/li>\n<\/ul>\n\t\t\t\t\t\t<\/div>\n\t\t\t\t<\/div>\n\t\t\t\t\t<\/div>\n\t\t\t\t<\/div>\n\t\t\t\t\t<\/div>\n\t\t\t\t<\/div>\n\t\t<div class=\"elementor-element elementor-element-c0a7f96 elementor-hidden-desktop elementor-hidden-mobile e-flex e-con-boxed e-con e-parent\" data-id=\"c0a7f96\" data-element_type=\"container\" data-settings=\"{&quot;background_background&quot;:&quot;classic&quot;}\" data-core-v316-plus=\"true\">\n\t\t\t\t\t<div class=\"e-con-inner\">\n\t\t<div class=\"elementor-element elementor-element-9b43fb3 e-flex e-con-boxed e-con e-child\" data-id=\"9b43fb3\" data-element_type=\"container\">\n\t\t\t\t\t<div class=\"e-con-inner\">\n\t\t\t\t<div class=\"elementor-element elementor-element-d8e6c10 elementor-widget elementor-widget-text-editor\" data-id=\"d8e6c10\" data-element_type=\"widget\" data-widget_type=\"text-editor.default\">\n\t\t\t\t<div class=\"elementor-widget-container\">\n\t\t\t\t\t\t\t\n<ul>\n \t<li><strong>Dura\u00e7\u00e3o<\/strong> do Programa de Mestrado: 4 Quadrimestres<\/li>\n \t<li><strong>Dedica\u00e7\u00e3o de tempo: <\/strong> os Estudantes do Programa de Mestrado devem se comprometer formalmente a ter uma dedica\u00e7\u00e3o de tempo completa<\/li>\n \t<li><strong>Prazo m\u00e1ximo para concluir os estudos: <\/strong> seis Quadrimestres acad\u00eamicos consecutivos (3 anos)<\/li>\n \t<li><strong>Cursos Proped\u00eauticos quadrimestrais<\/strong>(introdut\u00f3rios):\n<ul style=\"padding-left: 18px; list-style-type: disc!important;\">\n \t<li>Ci\u00eancia, sociedade, estado e religi\u00e3o [Aprendizagem Digital]<\/li>\n \t<li>Idioma ingl\u00eas (intermedi\u00e1rio\/avan\u00e7ado)<\/li>\n<\/ul>\n<\/li>\n \t<li><strong>Cursos\/Semin\u00e1rios Quadrimestrais:<\/strong>\n<ul style=\"padding-left: 18px; list-style-type: disc!important;\">8 Cursos Obrigat\u00f3rios<\/ul>\n<\/li>\n \t<li>6 Cursos Optativos<\/li>\n \t<li>4 Semin\u00e1rios Avan\u00e7ados de Investiga\u00e7\u00e3o (elabora\u00e7\u00e3o da Tese de Gradua\u00e7\u00e3o)<\/li>\n \t<li><strong>Carga acad\u00eamica:<\/strong>\n<ul style=\"padding-left: 18px; list-style-type: disc!important;\">\n \t<li><span style=\"text-decpration: underline;\">Quadrimestres 1 e 2: <\/span> 4 cursos obrigat\u00f3rios e um Semin\u00e1rio Avan\u00e7ado de Investiga\u00e7\u00e3o (elabora\u00e7\u00e3o da Tese de Gradua\u00e7\u00e3o)<\/li>\n \t<li><span style=\"text-decpration: underline;\">Quadrimestres 3 e 4:<\/span> 3 cursos optativos e um Semin\u00e1rio Avan\u00e7ado de Investiga\u00e7\u00e3o (elabora\u00e7\u00e3o da Tese de Gradua\u00e7\u00e3o)<\/li>\n<\/ul>\n<\/li>\n \t<li><strong>Aulas por semana:<\/strong><\/li>\n \t<li>\n<ul style=\"padding-left: 18px; list-style-type: disc!important;\">\n \t<li>5 sess\u00f5es de 90 minutos c\/u por semana [Ter\u00e7as 16:00-20:30h, Quintas 16:00-19:00h<\/li>\n \t<li>4 Sess\u00f5es de Aprendizagem Digital (virtual), 90 minutos c\/u por semana<\/li>\n<\/ul>\n<\/li>\n \t<li style=\"list-style-type: none;\">\n<ul style=\"padding-left: 18px; list-style-type: disc!important;\">\n \t<li><strong>Ciclo Acad\u00eamico: <\/strong>Agosto a Novembro e Fevereiro a Maio<\/li>\n \t<li><strong>Classe: <\/strong>20 alunos por grupo (m\u00e1ximo) [efici\u00eancia terminal estimada 80%]<\/li>\n \t<li><strong>Professores-Investigadores: <\/strong>Professores locais e Professores Visitantes internacionais<\/li>\n \t<li><strong>Custo do Programa de Mestrado: <\/strong>4 Matr\u00edculas Quadrimestrais de US$150 e 24 pagamentos mensais de US$150<\/li>\n \t<li><strong>Apoio financeiro: <\/strong>espera-se que os estudantes do PMHR tenham acesso a fundos para cobrir sua matr\u00edcula e gastos de manuten\u00e7\u00e3o<\/li>\n<\/ul>\n<\/li>\n<\/ul>\nCada aluno tem um Orientador Acad\u00eamico designado entre os professores-pesquisadores do PMHR.<\/li>\n<\/ul>\n<\/li>\n<\/ul>\t\t\t\t\t\t<\/div>\n\t\t\t\t<\/div>\n\t\t\t\t\t<\/div>\n\t\t\t\t<\/div>\n\t\t\t\t\t<\/div>\n\t\t\t\t<\/div>\n\t\t<div class=\"elementor-element elementor-element-193edc0 elementor-hidden-tablet e-flex e-con-boxed e-con e-parent\" data-id=\"193edc0\" data-element_type=\"container\" data-settings=\"{&quot;background_background&quot;:&quot;classic&quot;}\" data-core-v316-plus=\"true\">\n\t\t\t\t\t<div class=\"e-con-inner\">\n\t\t\t\t<div class=\"elementor-element elementor-element-3f490dc elementor-widget elementor-widget-text-editor\" data-id=\"3f490dc\" data-element_type=\"widget\" data-widget_type=\"text-editor.default\">\n\t\t\t\t<div class=\"elementor-widget-container\">\n\t\t\t\t\t\t\t\n<ul style=\"padding-left: 18px;\">\n \t<li><strong>Cursos\/Semin\u00e1rios Quadrimestrais:<\/strong>\n<ul style=\"padding-left: 18px; list-style-type: disc!important;\">\n \t<li>8 Cursos Obrigat\u00f3rios<\/li>\n \t<li>6 Cursos Optativos<\/li>\n \t<li>4 Semin\u00e1rios Avan\u00e7ados de Investiga\u00e7\u00e3o (elabora\u00e7\u00e3o da Tese de Gradua\u00e7\u00e3o)<\/li>\n<\/ul>\n<\/li>\n \t<li><strong>Carga acad\u00eamica:<\/strong>\n<ul style=\"padding-left: 18px; list-style-type: disc!important;\">\n \t<li><span style=\"text-decpration: underline;\">Quadrimestres 1 e 2: <\/span> 4 cursos obrigat\u00f3rios e um Semin\u00e1rio Avan\u00e7ado de Investiga\u00e7\u00e3o (elabora\u00e7\u00e3o da Tese de Gradua\u00e7\u00e3o)<\/li>\n \t<li><span style=\"text-decpration: underline;\">Quadrimestres 3 e 4: <\/span> 3 cursos optativos e um Semin\u00e1rio Avan\u00e7ado de Investiga\u00e7\u00e3o (elabora\u00e7\u00e3o da Tese de Gradua\u00e7\u00e3o)<\/li>\n<\/ul>\n<\/li>\n \t<li><strong>Aulas por semana:<\/strong>\n<ul style=\"padding-left: 18px; list-style-type: disc!important;\">\n \t<li>5 sess\u00f5es de 90 minutos c\/u por semana [Ter\u00e7as 16:00-20:30h, Quintas 16:00-19:00h<\/li>\n \t<li>4 Sess\u00f5es de Aprendizagem Digital (virtual), 90 minutos c\/u por semana<\/li>\n<\/ul>\n<\/li>\n \t<li style=\"list-style-type: none;\">\n<ul style=\"padding-left: 18px; list-style-type: disc!important;\">\n \t<li><strong>Ciclo Acad\u00eamico: <\/strong>Agosto a Novembro e Fevereiro a Maio<\/li>\n \t<li><strong>Classe: <\/strong>alunos por grupo (m\u00e1ximo) [efici\u00eancia terminal estimada 80%]<\/li>\n \t<li><strong>Professores-Investigadores: <\/strong>Professores locais e Professores Visitantes internacionais<\/li>\n \t<li><strong>Custo do Programa de Mestrado: <\/strong>4 Matr\u00edculas Quadrimestrais de US$150 e 24 pagamentos mensais de US$150<\/li>\n \t<li><strong>Apoio financeiro: <\/strong>:espera-se que os estudantes do PMHR tenham acesso a fundos para cobrir sua matr\u00edcula e gastos de manuten\u00e7\u00e3o<\/li>\n<\/ul>\n<\/li>\n<\/ul>\nCada aluno tem um Orientador Acad\u00eamico designado entre os professores-pesquisadores do PMHR.<\/li>\n<\/ul>\t\t\t\t\t\t<\/div>\n\t\t\t\t<\/div>\n\t\t\t\t\t<\/div>\n\t\t\t\t<\/div>\n\t\t\t\t<\/div>\n\t\t","protected":false},"excerpt":{"rendered":"<p>Fases e Estrutura do Programa Latino-Americano de P\u00f3s-Gradua\u00e7\u00e3o em Hist\u00f3ria das Religi\u00f5es Fases do Programa Latino-Americano de P\u00f3s-Gradua\u00e7\u00e3o em Hist\u00f3ria das Religi\u00f5es O Programa Latino-Americano de P\u00f3s-gradua\u00e7\u00e3o em Hist\u00f3ria das Religi\u00f5es (PPHR) \u00e9 composto de duas fases: Fase 1 (Janeiro 2026): o Programa Latino-Americano de Mestrado em Hist\u00f3ria das Religi\u00f5es (PMHR) Fase 2 (Janeiro 2028):&hellip; <a class=\"more-link\" href=\"https:\/\/pphr.org\/pb\/phases-structure\/\">Continuar lendo <span class=\"screen-reader-text\">Phases &amp; Structure<\/span><\/a><\/p>\n","protected":false},"author":1,"featured_media":0,"parent":0,"menu_order":0,"comment_status":"closed","ping_status":"closed","template":"elementor_header_footer","meta":{"footnotes":""},"class_list":["post-204","page","type-page","status-publish","hentry","entry"],"_links":{"self":[{"href":"https:\/\/pphr.org\/pb\/wp-json\/wp\/v2\/pages\/204","targetHints":{"allow":["GET"]}}],"collection":[{"href":"https:\/\/pphr.org\/pb\/wp-json\/wp\/v2\/pages"}],"about":[{"href":"https:\/\/pphr.org\/pb\/wp-json\/wp\/v2\/types\/page"}],"author":[{"embeddable":true,"href":"https:\/\/pphr.org\/pb\/wp-json\/wp\/v2\/users\/1"}],"replies":[{"embeddable":true,"href":"https:\/\/pphr.org\/pb\/wp-json\/wp\/v2\/comments?post=204"}],"version-history":[{"count":85,"href":"https:\/\/pphr.org\/pb\/wp-json\/wp\/v2\/pages\/204\/revisions"}],"predecessor-version":[{"id":1087,"href":"https:\/\/pphr.org\/pb\/wp-json\/wp\/v2\/pages\/204\/revisions\/1087"}],"wp:attachment":[{"href":"https:\/\/pphr.org\/pb\/wp-json\/wp\/v2\/media?parent=204"}],"curies":[{"name":"wp","href":"https:\/\/api.w.org\/{rel}","templated":true}]}}