{"id":172,"date":"2023-11-13T12:56:06","date_gmt":"2023-11-13T12:56:06","guid":{"rendered":"http:\/\/localhost\/pphr\/?page_id=172"},"modified":"2024-11-08T13:45:04","modified_gmt":"2024-11-08T13:45:04","slug":"institutional-framework","status":"publish","type":"page","link":"https:\/\/pphr.org\/pb\/institutional-framework\/","title":{"rendered":"Institutional Framework"},"content":{"rendered":"\t\t<div data-elementor-type=\"wp-page\" data-elementor-id=\"172\" class=\"elementor elementor-172\" data-elementor-post-type=\"page\">\n\t\t\t\t<div class=\"elementor-element elementor-element-3dda1bc e-con-full elementor-hidden-tablet elementor-hidden-mobile e-flex e-con e-parent\" data-id=\"3dda1bc\" data-element_type=\"container\" data-settings=\"{&quot;background_background&quot;:&quot;classic&quot;}\" data-core-v316-plus=\"true\">\n\t\t<div class=\"elementor-element elementor-element-9053c6e e-con-full e-flex e-con e-child\" data-id=\"9053c6e\" data-element_type=\"container\">\n\t\t\t\t<div class=\"elementor-element elementor-element-a1e2121 elementor-widget elementor-widget-theme-site-logo elementor-widget-image\" data-id=\"a1e2121\" data-element_type=\"widget\" data-widget_type=\"theme-site-logo.default\">\n\t\t\t\t<div class=\"elementor-widget-container\">\n\t\t\t<style>\/*! elementor - v3.20.0 - 26-03-2024 *\/\n.elementor-widget-image{text-align:center}.elementor-widget-image a{display:inline-block}.elementor-widget-image a img[src$=\".svg\"]{width:48px}.elementor-widget-image img{vertical-align:middle;display:inline-block}<\/style>\t\t\t\t\t<div class=\"elementor-image\">\n\t\t\t\t\t\t\t\t<a href=\"https:\/\/pphr.org\/pb\">\n\t\t\t<img fetchpriority=\"high\" decoding=\"async\" width=\"229\" height=\"221\" src=\"https:\/\/pphr.org\/wp-content\/uploads\/2023\/11\/logo-1.png\" class=\"attachment-full size-full wp-image-551\" alt=\"\" style=\"width:100%;height:96.51%;max-width:229px\" \/>\t\t\t\t<\/a>\n\t\t\t\t\t\t\t\t\t\t<\/div>\n\t\t\t\t\t\t<\/div>\n\t\t\t\t<\/div>\n\t\t\t\t<\/div>\n\t\t\t\t<\/div>\n\t\t<div class=\"elementor-element elementor-element-b71b64d e-con-full elementor-hidden-desktop e-flex e-con e-parent\" data-id=\"b71b64d\" data-element_type=\"container\" data-settings=\"{&quot;background_background&quot;:&quot;classic&quot;}\" data-core-v316-plus=\"true\">\n\t\t\t\t<\/div>\n\t\t<div class=\"elementor-element elementor-element-59814a6 e-flex e-con-boxed e-con e-parent\" data-id=\"59814a6\" data-element_type=\"container\" data-settings=\"{&quot;background_background&quot;:&quot;classic&quot;}\" data-core-v316-plus=\"true\">\n\t\t\t\t\t<div class=\"e-con-inner\">\n\t\t\t\t<div class=\"elementor-element elementor-element-3beba5f elementor-widget elementor-widget-heading\" data-id=\"3beba5f\" data-element_type=\"widget\" data-widget_type=\"heading.default\">\n\t\t\t\t<div class=\"elementor-widget-container\">\n\t\t\t<style>\/*! elementor - v3.20.0 - 26-03-2024 *\/\n.elementor-heading-title{padding:0;margin:0;line-height:1}.elementor-widget-heading .elementor-heading-title[class*=elementor-size-]>a{color:inherit;font-size:inherit;line-height:inherit}.elementor-widget-heading .elementor-heading-title.elementor-size-small{font-size:15px}.elementor-widget-heading .elementor-heading-title.elementor-size-medium{font-size:19px}.elementor-widget-heading .elementor-heading-title.elementor-size-large{font-size:29px}.elementor-widget-heading .elementor-heading-title.elementor-size-xl{font-size:39px}.elementor-widget-heading .elementor-heading-title.elementor-size-xxl{font-size:59px}<\/style><h2 class=\"elementor-heading-title elementor-size-default\">Marco Institucional do <span style=\"color: #f0ad00\">Programa Latino-Americano de P\u00f3s-Gradua\u00e7\u00e3o<\/span> em Hist\u00f3ria das Religi\u00f5es (PPHR)<span style=\"font-size:25px;\"><\/span><\/h2>\t\t<\/div>\n\t\t\t\t<\/div>\n\t\t\t\t\t<\/div>\n\t\t\t\t<\/div>\n\t\t<div class=\"elementor-element elementor-element-2e4c78d e-flex e-con-boxed e-con e-parent\" data-id=\"2e4c78d\" data-element_type=\"container\" data-settings=\"{&quot;background_background&quot;:&quot;classic&quot;}\" data-core-v316-plus=\"true\">\n\t\t\t\t\t<div class=\"e-con-inner\">\n\t\t<div class=\"elementor-element elementor-element-ea49d4e e-flex e-con-boxed e-con e-child\" data-id=\"ea49d4e\" data-element_type=\"container\">\n\t\t\t\t\t<div class=\"e-con-inner\">\n\t\t\t\t<div class=\"elementor-element elementor-element-32086fe elementor-widget elementor-widget-heading\" data-id=\"32086fe\" data-element_type=\"widget\" data-widget_type=\"heading.default\">\n\t\t\t\t<div class=\"elementor-widget-container\">\n\t\t\t<h2 class=\"elementor-heading-title elementor-size-default\">Quadro Institucional Preliminar<\/h2>\t\t<\/div>\n\t\t\t\t<\/div>\n\t\t\t\t<div class=\"elementor-element elementor-element-b05e7cd elementor-widget elementor-widget-text-editor\" data-id=\"b05e7cd\" data-element_type=\"widget\" data-widget_type=\"text-editor.default\">\n\t\t\t\t<div class=\"elementor-widget-container\">\n\t\t\t<style>\/*! elementor - v3.20.0 - 26-03-2024 *\/\n.elementor-widget-text-editor.elementor-drop-cap-view-stacked .elementor-drop-cap{background-color:#69727d;color:#fff}.elementor-widget-text-editor.elementor-drop-cap-view-framed .elementor-drop-cap{color:#69727d;border:3px solid;background-color:transparent}.elementor-widget-text-editor:not(.elementor-drop-cap-view-default) .elementor-drop-cap{margin-top:8px}.elementor-widget-text-editor:not(.elementor-drop-cap-view-default) .elementor-drop-cap-letter{width:1em;height:1em}.elementor-widget-text-editor .elementor-drop-cap{float:left;text-align:center;line-height:1;font-size:50px}.elementor-widget-text-editor .elementor-drop-cap-letter{display:inline-block}<\/style>\t\t\t\t\n<ul style=\"padding-left: 18px;\">\n \t<li>PPHR Co-patrocina programas de p\u00f3s-gradua\u00e7\u00e3o na Am\u00e9rica Latina no Brasil, Col\u00f4mbia, Costa Rica, El Salvador, Guatemala, M\u00e9xico, Nicar\u00e1gua, Uruguai, Venezuela (sujeito a confirma\u00e7\u00e3o formal)<\/li>\n\t<li>Estabelecimento de contatos com universidades da Am\u00e9rica Latina e Europa, a fim de avan\u00e7ar na formaliza\u00e7\u00e3o dos Centros e Programas Acad\u00eamicos Co-patrocinadores do PPHR<\/li>\n\t<li>A Coordena\u00e7\u00e3o Acad\u00eamica est\u00e1 explorando apoio de coopera\u00e7\u00e3o financeira com ag\u00eancias internacionais bilaterais e multilaterais<\/li>\n<\/ul>\n\n\t\t\t\t\t\t<\/div>\n\t\t\t\t<\/div>\n\t\t\t\t\t<\/div>\n\t\t\t\t<\/div>\n\t\t<div class=\"elementor-element elementor-element-3febd97 e-flex e-con-boxed e-con e-child\" data-id=\"3febd97\" data-element_type=\"container\">\n\t\t\t\t\t<div class=\"e-con-inner\">\n\t\t\t\t<div class=\"elementor-element elementor-element-dc19bb7 elementor-widget elementor-widget-image\" data-id=\"dc19bb7\" data-element_type=\"widget\" data-widget_type=\"image.default\">\n\t\t\t\t<div class=\"elementor-widget-container\">\n\t\t\t\t\t\t\t\t\t\t\t\t\t<img decoding=\"async\" width=\"750\" height=\"462\" src=\"https:\/\/pphr.org\/wp-content\/uploads\/2023\/11\/Tre-Cime-di-Lavaredo-2019-1024x631.jpg\" class=\"attachment-large size-large wp-image-489\" alt=\"\" srcset=\"https:\/\/pphr.org\/wp-content\/uploads\/2023\/11\/Tre-Cime-di-Lavaredo-2019-1024x631.jpg 1024w, https:\/\/pphr.org\/wp-content\/uploads\/2023\/11\/Tre-Cime-di-Lavaredo-2019-300x185.jpg 300w, https:\/\/pphr.org\/wp-content\/uploads\/2023\/11\/Tre-Cime-di-Lavaredo-2019-768x474.jpg 768w, https:\/\/pphr.org\/wp-content\/uploads\/2023\/11\/Tre-Cime-di-Lavaredo-2019.jpg 1440w\" sizes=\"(max-width: 750px) 100vw, 750px\" style=\"width:100%;height:61.67%;max-width:1440px\" \/>\t\t\t\t\t\t\t\t\t\t\t\t\t<\/div>\n\t\t\t\t<\/div>\n\t\t\t\t\t<\/div>\n\t\t\t\t<\/div>\n\t\t\t\t\t<\/div>\n\t\t\t\t<\/div>\n\t\t\t\t<\/div>\n\t\t","protected":false},"excerpt":{"rendered":"<p>Marco Institucional do Programa Latino-Americano de P\u00f3s-Gradua\u00e7\u00e3o em Hist\u00f3ria das Religi\u00f5es (PPHR) Quadro Institucional Preliminar PPHR Co-patrocina programas de p\u00f3s-gradua\u00e7\u00e3o na Am\u00e9rica Latina no Brasil, Col\u00f4mbia, Costa Rica, El Salvador, Guatemala, M\u00e9xico, Nicar\u00e1gua, Uruguai, Venezuela (sujeito a confirma\u00e7\u00e3o formal) Estabelecimento de contatos com universidades da Am\u00e9rica Latina e Europa, a fim de avan\u00e7ar na formaliza\u00e7\u00e3o&hellip; <a class=\"more-link\" href=\"https:\/\/pphr.org\/pb\/institutional-framework\/\">Continuar lendo <span class=\"screen-reader-text\">Institutional Framework<\/span><\/a><\/p>\n","protected":false},"author":1,"featured_media":0,"parent":0,"menu_order":0,"comment_status":"closed","ping_status":"closed","template":"elementor_header_footer","meta":{"footnotes":""},"class_list":["post-172","page","type-page","status-publish","hentry","entry"],"_links":{"self":[{"href":"https:\/\/pphr.org\/pb\/wp-json\/wp\/v2\/pages\/172","targetHints":{"allow":["GET"]}}],"collection":[{"href":"https:\/\/pphr.org\/pb\/wp-json\/wp\/v2\/pages"}],"about":[{"href":"https:\/\/pphr.org\/pb\/wp-json\/wp\/v2\/types\/page"}],"author":[{"embeddable":true,"href":"https:\/\/pphr.org\/pb\/wp-json\/wp\/v2\/users\/1"}],"replies":[{"embeddable":true,"href":"https:\/\/pphr.org\/pb\/wp-json\/wp\/v2\/comments?post=172"}],"version-history":[{"count":94,"href":"https:\/\/pphr.org\/pb\/wp-json\/wp\/v2\/pages\/172\/revisions"}],"predecessor-version":[{"id":1514,"href":"https:\/\/pphr.org\/pb\/wp-json\/wp\/v2\/pages\/172\/revisions\/1514"}],"wp:attachment":[{"href":"https:\/\/pphr.org\/pb\/wp-json\/wp\/v2\/media?parent=172"}],"curies":[{"name":"wp","href":"https:\/\/api.w.org\/{rel}","templated":true}]}}